{"id":4195,"date":"2024-12-26T11:32:35","date_gmt":"2024-12-26T10:32:35","guid":{"rendered":"https:\/\/komoom.eu\/dev\/?page_id=4195"},"modified":"2025-01-07T11:59:53","modified_gmt":"2025-01-07T10:59:53","slug":"esencia","status":"publish","type":"page","link":"https:\/\/komoom.eu\/dev\/esencia\/","title":{"rendered":"Esencia"},"content":{"rendered":"\t\t<div data-elementor-type=\"wp-page\" data-elementor-id=\"4195\" class=\"elementor elementor-4195\" data-elementor-post-type=\"page\">\n\t\t\t\t<div class=\"elementor-element elementor-element-7ed6e68 e-con-full e-flex e-con e-parent\" data-id=\"7ed6e68\" data-element_type=\"container\" data-e-type=\"container\" data-settings=\"{&quot;background_background&quot;:&quot;classic&quot;}\">\n\t\t<div class=\"elementor-element elementor-element-79138d7 e-con-full e-flex e-con e-child\" data-id=\"79138d7\" data-element_type=\"container\" data-e-type=\"container\" data-settings=\"{&quot;background_background&quot;:&quot;classic&quot;}\">\n\t\t<div class=\"elementor-element elementor-element-bc5ff3c e-con-full e-flex e-con e-child\" data-id=\"bc5ff3c\" data-element_type=\"container\" data-e-type=\"container\" data-settings=\"{&quot;background_background&quot;:&quot;classic&quot;}\">\n\t\t\t\t<div class=\"elementor-element elementor-element-013fcbe elementor-widget elementor-widget-heading\" data-id=\"013fcbe\" data-element_type=\"widget\" data-e-type=\"widget\" data-widget_type=\"heading.default\">\n\t\t\t\t<div class=\"elementor-widget-container\">\n\t\t\t\t\t<h2 class=\"elementor-heading-title elementor-size-default\">Nuestra historia<\/h2>\t\t\t\t<\/div>\n\t\t\t\t<\/div>\n\t\t\t\t<div class=\"elementor-element elementor-element-0083d48 elementor-widget elementor-widget-text-editor\" data-id=\"0083d48\" data-element_type=\"widget\" data-e-type=\"widget\" data-widget_type=\"text-editor.default\">\n\t\t\t\t<div class=\"elementor-widget-container\">\n\t\t\t\t\t\t\t\t\t<p>Los peque\u00f1os detalles que nos rodean tienen el poder de transformar nuestra cotidianidad. Ese rayo de luz que se cuela por la ventana un domingo por la ma\u00f1ana o las motas de polvo que bailan en el aire nos recuerdan que, en lo simple, reside lo extraordinario. En Komoom, creemos que son estas peque\u00f1as cosas las que dan sentido a todo lo que hacemos.<\/p><p>Por eso, nos inspiramos en estilos de vida que trascienden lo material. La filosof\u00eda japonesa y la hind\u00fa, con sus sistemas espirituales, nos gu\u00edan hacia una conexi\u00f3n m\u00e1s profunda con nuestras ra\u00edces, la naturaleza y el equilibrio emocional. Esta sinton\u00eda con el ciclo de la vida es el alma de Komoom, un valor que llevamos en cada dise\u00f1o.<\/p><p>En nuestros espacios, la armon\u00eda y la limpieza se convierten en pilares fundamentales. Creemos en la creaci\u00f3n de entornos \u00fanicos, donde la est\u00e9tica no solo se vea, sino que se sienta. Porque cada detalle cuenta, y en Komoom, nos aseguramos de que cuente para ti.<\/p>\t\t\t\t\t\t\t\t<\/div>\n\t\t\t\t<\/div>\n\t\t\t\t<\/div>\n\t\t\t\t<\/div>\n\t\t<div class=\"elementor-element elementor-element-5da0df8 e-con-full e-flex e-con e-child\" data-id=\"5da0df8\" data-element_type=\"container\" data-e-type=\"container\" data-settings=\"{&quot;background_background&quot;:&quot;classic&quot;}\">\n\t\t\t\t<div class=\"elementor-element elementor-element-fb1e6ac elementor-widget elementor-widget-heading\" data-id=\"fb1e6ac\" data-element_type=\"widget\" data-e-type=\"widget\" data-widget_type=\"heading.default\">\n\t\t\t\t<div class=\"elementor-widget-container\">\n\t\t\t\t\t<div class=\"elementor-heading-title elementor-size-default\">Un lugar donde crear un v\u00ednculo sincero con tu alma es posible. Gracias al descanso.<\/div>\t\t\t\t<\/div>\n\t\t\t\t<\/div>\n\t\t\t\t<div class=\"elementor-element elementor-element-8c85ec7 elementor-widget elementor-widget-image\" data-id=\"8c85ec7\" data-element_type=\"widget\" data-e-type=\"widget\" data-widget_type=\"image.default\">\n\t\t\t\t<div class=\"elementor-widget-container\">\n\t\t\t\t\t\t\t\t\t\t\t\t\t\t\t<img fetchpriority=\"high\" decoding=\"async\" width=\"800\" height=\"800\" src=\"https:\/\/komoom.eu\/dev\/wp-content\/uploads\/2024\/12\/quienesosomos-1024x1024.png\" class=\"attachment-large size-large wp-image-4367\" alt=\"\" srcset=\"https:\/\/komoom.eu\/dev\/wp-content\/uploads\/2024\/12\/quienesosomos-1024x1024.png 1024w, https:\/\/komoom.eu\/dev\/wp-content\/uploads\/2024\/12\/quienesosomos-300x300.png 300w, https:\/\/komoom.eu\/dev\/wp-content\/uploads\/2024\/12\/quienesosomos-150x150.png 150w, https:\/\/komoom.eu\/dev\/wp-content\/uploads\/2024\/12\/quienesosomos-768x768.png 768w, https:\/\/komoom.eu\/dev\/wp-content\/uploads\/2024\/12\/quienesosomos.png 1500w\" sizes=\"(max-width: 800px) 100vw, 800px\" \/>\t\t\t\t\t\t\t\t\t\t\t\t\t\t\t<\/div>\n\t\t\t\t<\/div>\n\t\t\t\t<\/div>\n\t\t\t\t<\/div>\n\t\t<div class=\"elementor-element elementor-element-c4faa55 e-con-full e-flex e-con e-parent\" data-id=\"c4faa55\" data-element_type=\"container\" data-e-type=\"container\" data-settings=\"{&quot;background_background&quot;:&quot;classic&quot;}\">\n\t\t<div class=\"elementor-element elementor-element-6af6ac0 e-con-full e-flex e-con e-child\" data-id=\"6af6ac0\" data-element_type=\"container\" data-e-type=\"container\" data-settings=\"{&quot;background_background&quot;:&quot;classic&quot;}\">\n\t\t\t\t<div class=\"elementor-element elementor-element-f7ac4df elementor-widget elementor-widget-heading\" data-id=\"f7ac4df\" data-element_type=\"widget\" data-e-type=\"widget\" data-widget_type=\"heading.default\">\n\t\t\t\t<div class=\"elementor-widget-container\">\n\t\t\t\t\t<h2 class=\"elementor-heading-title elementor-size-default\">Naming<\/h2>\t\t\t\t<\/div>\n\t\t\t\t<\/div>\n\t\t\t\t<div class=\"elementor-element elementor-element-ab4097b elementor-widget elementor-widget-text-editor\" data-id=\"ab4097b\" data-element_type=\"widget\" data-e-type=\"widget\" data-widget_type=\"text-editor.default\">\n\t\t\t\t<div class=\"elementor-widget-container\">\n\t\t\t\t\t\t\t\t\t<p>Una buena historia comienza con un buen nombre.<\/p><p>El nuestro se basa en dos conceptos que tratan diferentes culturas, pero que confluyen dando lugar a una palabra con cierta musicalidad f\u00e1cil de entender.<\/p>\t\t\t\t\t\t\t\t<\/div>\n\t\t\t\t<\/div>\n\t\t\t\t<div class=\"elementor-element elementor-element-6b3e3ed elementor-widget elementor-widget-image\" data-id=\"6b3e3ed\" data-element_type=\"widget\" data-e-type=\"widget\" data-widget_type=\"image.default\">\n\t\t\t\t<div class=\"elementor-widget-container\">\n\t\t\t\t\t\t\t\t\t\t\t\t\t\t\t<img decoding=\"async\" width=\"762\" height=\"242\" src=\"https:\/\/komoom.eu\/dev\/wp-content\/uploads\/2024\/12\/ICONO-PORTADA-1.png\" class=\"attachment-full size-full wp-image-4362\" alt=\"\" srcset=\"https:\/\/komoom.eu\/dev\/wp-content\/uploads\/2024\/12\/ICONO-PORTADA-1.png 762w, https:\/\/komoom.eu\/dev\/wp-content\/uploads\/2024\/12\/ICONO-PORTADA-1-300x95.png 300w\" sizes=\"(max-width: 762px) 100vw, 762px\" \/>\t\t\t\t\t\t\t\t\t\t\t\t\t\t\t<\/div>\n\t\t\t\t<\/div>\n\t\t\t\t<\/div>\n\t\t<div class=\"elementor-element elementor-element-cc0e1e9 e-con-full e-flex e-con e-child\" data-id=\"cc0e1e9\" data-element_type=\"container\" data-e-type=\"container\" data-settings=\"{&quot;background_background&quot;:&quot;classic&quot;}\">\n\t\t\t\t<div class=\"elementor-element elementor-element-224e666 elementor-widget elementor-widget-image\" data-id=\"224e666\" data-element_type=\"widget\" data-e-type=\"widget\" data-widget_type=\"image.default\">\n\t\t\t\t<div class=\"elementor-widget-container\">\n\t\t\t\t\t\t\t\t\t\t\t\t\t\t\t<img decoding=\"async\" width=\"800\" height=\"282\" src=\"https:\/\/komoom.eu\/dev\/wp-content\/uploads\/2024\/12\/logo_lineas-01-1024x361.png\" class=\"attachment-large size-large wp-image-4377\" alt=\"\" srcset=\"https:\/\/komoom.eu\/dev\/wp-content\/uploads\/2024\/12\/logo_lineas-01-1024x361.png 1024w, https:\/\/komoom.eu\/dev\/wp-content\/uploads\/2024\/12\/logo_lineas-01-300x106.png 300w, https:\/\/komoom.eu\/dev\/wp-content\/uploads\/2024\/12\/logo_lineas-01-768x271.png 768w, https:\/\/komoom.eu\/dev\/wp-content\/uploads\/2024\/12\/logo_lineas-01-1536x541.png 1536w, https:\/\/komoom.eu\/dev\/wp-content\/uploads\/2024\/12\/logo_lineas-01-2048x722.png 2048w\" sizes=\"(max-width: 800px) 100vw, 800px\" \/>\t\t\t\t\t\t\t\t\t\t\t\t\t\t\t<\/div>\n\t\t\t\t<\/div>\n\t\t<div class=\"elementor-element elementor-element-43e502a e-grid e-con-full e-con e-child\" data-id=\"43e502a\" data-element_type=\"container\" data-e-type=\"container\">\n\t\t\t\t<div class=\"elementor-element elementor-element-3ee82f4 elementor-widget elementor-widget-text-editor\" data-id=\"3ee82f4\" data-element_type=\"widget\" data-e-type=\"widget\" data-widget_type=\"text-editor.default\">\n\t\t\t\t<div class=\"elementor-widget-container\">\n\t\t\t\t\t\t\t\t\t<p><strong>Komorebi:<\/strong> imagen de la luz del sol filtr\u00e1ndose a trav\u00e9s de las hojas de los \u00e1rboles. Proveniente del japonismo.<\/p>\t\t\t\t\t\t\t\t<\/div>\n\t\t\t\t<\/div>\n\t\t\t\t<div class=\"elementor-element elementor-element-f76a8e3 elementor-widget elementor-widget-text-editor\" data-id=\"f76a8e3\" data-element_type=\"widget\" data-e-type=\"widget\" data-widget_type=\"text-editor.default\">\n\t\t\t\t<div class=\"elementor-widget-container\">\n\t\t\t\t\t\t\t\t\t<p><strong>Om:<\/strong> s\u00edmbolo sagrado y un sonido primordial en las tradiciones espirituales de la India, especialmente en el hinduismo, el budismo y el jainismo. Representa el mantra universal y el sonido del universo.<\/p>\t\t\t\t\t\t\t\t<\/div>\n\t\t\t\t<\/div>\n\t\t\t\t<\/div>\n\t\t\t\t<\/div>\n\t\t\t\t<\/div>\n\t\t\t\t<\/div>\n\t\t","protected":false},"excerpt":{"rendered":"<p>Nuestra historia Los peque\u00f1os detalles que nos rodean tienen el poder de transformar nuestra cotidianidad. Ese rayo de luz que se cuela por la ventana un domingo por la ma\u00f1ana o las motas de polvo que bailan en el aire nos recuerdan que, en lo simple, reside lo extraordinario. En Komoom, creemos que son estas [&hellip;]<\/p>\n","protected":false},"author":1,"featured_media":0,"parent":0,"menu_order":0,"comment_status":"closed","ping_status":"closed","template":"","meta":{"_acf_changed":false,"footnotes":""},"class_list":["post-4195","page","type-page","status-publish","hentry"],"acf":[],"yoast_head":"<!-- This site is optimized with the Yoast SEO plugin v27.4 - https:\/\/yoast.com\/product\/yoast-seo-wordpress\/ -->\n<title>Komoom - Proyectos art\u00edsticos<\/title>\n<meta name=\"description\" content=\"Nos inspiramos en filosof\u00edas como la japonesa e hind\u00fa, conectando con la naturaleza, el equilibrio y la esencia de la vida en cada dise\u00f1o.\" \/>\n<meta name=\"robots\" content=\"index, follow, max-snippet:-1, max-image-preview:large, max-video-preview:-1\" \/>\n<link rel=\"canonical\" href=\"https:\/\/komoom.eu\/dev\/esencia\/\" \/>\n<meta property=\"og:locale\" content=\"es_ES\" \/>\n<meta property=\"og:type\" content=\"article\" \/>\n<meta property=\"og:title\" content=\"Un lugar donde crear un v\u00ednculo sincero con tu alma es posible.\" \/>\n<meta property=\"og:description\" content=\"Nos inspiramos en filosof\u00edas como la japonesa e hind\u00fa, conectando con la naturaleza, el equilibrio y la esencia de la vida en cada dise\u00f1o.\" \/>\n<meta property=\"og:url\" content=\"https:\/\/komoom.eu\/dev\/esencia\/\" \/>\n<meta property=\"og:site_name\" content=\"Komoom\" \/>\n<meta property=\"article:publisher\" content=\"https:\/\/www.facebook.com\/ibercofran\" \/>\n<meta property=\"article:modified_time\" content=\"2025-01-07T10:59:53+00:00\" \/>\n<meta property=\"og:image\" content=\"https:\/\/komoom.eu\/dev\/wp-content\/uploads\/2024\/12\/quienesosomos-1024x1024.png\" \/>\n<meta name=\"twitter:card\" content=\"summary_large_image\" \/>\n<meta name=\"twitter:label1\" content=\"Tiempo de lectura\" \/>\n\t<meta name=\"twitter:data1\" content=\"2 minutos\" \/>\n<script type=\"application\/ld+json\" class=\"yoast-schema-graph\">{\"@context\":\"https:\\\/\\\/schema.org\",\"@graph\":[{\"@type\":\"WebPage\",\"@id\":\"https:\\\/\\\/komoom.eu\\\/dev\\\/esencia\\\/\",\"url\":\"https:\\\/\\\/komoom.eu\\\/dev\\\/esencia\\\/\",\"name\":\"Komoom - Proyectos art\u00edsticos\",\"isPartOf\":{\"@id\":\"https:\\\/\\\/komoom.eu\\\/dev\\\/#website\"},\"primaryImageOfPage\":{\"@id\":\"https:\\\/\\\/komoom.eu\\\/dev\\\/esencia\\\/#primaryimage\"},\"image\":{\"@id\":\"https:\\\/\\\/komoom.eu\\\/dev\\\/esencia\\\/#primaryimage\"},\"thumbnailUrl\":\"https:\\\/\\\/komoom.eu\\\/dev\\\/wp-content\\\/uploads\\\/2024\\\/12\\\/quienesosomos-1024x1024.png\",\"datePublished\":\"2024-12-26T10:32:35+00:00\",\"dateModified\":\"2025-01-07T10:59:53+00:00\",\"description\":\"Nos inspiramos en filosof\u00edas como la japonesa e hind\u00fa, conectando con la naturaleza, el equilibrio y la esencia de la vida en cada dise\u00f1o.\",\"breadcrumb\":{\"@id\":\"https:\\\/\\\/komoom.eu\\\/dev\\\/esencia\\\/#breadcrumb\"},\"inLanguage\":\"es\",\"potentialAction\":[{\"@type\":\"ReadAction\",\"target\":[\"https:\\\/\\\/komoom.eu\\\/dev\\\/esencia\\\/\"]}]},{\"@type\":\"ImageObject\",\"inLanguage\":\"es\",\"@id\":\"https:\\\/\\\/komoom.eu\\\/dev\\\/esencia\\\/#primaryimage\",\"url\":\"https:\\\/\\\/komoom.eu\\\/dev\\\/wp-content\\\/uploads\\\/2024\\\/12\\\/quienesosomos.png\",\"contentUrl\":\"https:\\\/\\\/komoom.eu\\\/dev\\\/wp-content\\\/uploads\\\/2024\\\/12\\\/quienesosomos.png\",\"width\":1500,\"height\":1500},{\"@type\":\"BreadcrumbList\",\"@id\":\"https:\\\/\\\/komoom.eu\\\/dev\\\/esencia\\\/#breadcrumb\",\"itemListElement\":[{\"@type\":\"ListItem\",\"position\":1,\"name\":\"Portada\",\"item\":\"https:\\\/\\\/komoom.eu\\\/dev\\\/\"},{\"@type\":\"ListItem\",\"position\":2,\"name\":\"Esencia\"}]},{\"@type\":\"WebSite\",\"@id\":\"https:\\\/\\\/komoom.eu\\\/dev\\\/#website\",\"url\":\"https:\\\/\\\/komoom.eu\\\/dev\\\/\",\"name\":\"Ibercofran\",\"description\":\"Espacios exclusivos a tu alcance\",\"publisher\":{\"@id\":\"https:\\\/\\\/komoom.eu\\\/dev\\\/#organization\"},\"potentialAction\":[{\"@type\":\"SearchAction\",\"target\":{\"@type\":\"EntryPoint\",\"urlTemplate\":\"https:\\\/\\\/komoom.eu\\\/dev\\\/?s={search_term_string}\"},\"query-input\":{\"@type\":\"PropertyValueSpecification\",\"valueRequired\":true,\"valueName\":\"search_term_string\"}}],\"inLanguage\":\"es\"},{\"@type\":\"Organization\",\"@id\":\"https:\\\/\\\/komoom.eu\\\/dev\\\/#organization\",\"name\":\"Ibercofran\",\"url\":\"https:\\\/\\\/komoom.eu\\\/dev\\\/\",\"logo\":{\"@type\":\"ImageObject\",\"inLanguage\":\"es\",\"@id\":\"https:\\\/\\\/komoom.eu\\\/dev\\\/#\\\/schema\\\/logo\\\/image\\\/\",\"url\":\"https:\\\/\\\/komoom.eu\\\/dev\\\/wp-content\\\/uploads\\\/2024\\\/10\\\/Logo-1.png\",\"contentUrl\":\"https:\\\/\\\/komoom.eu\\\/dev\\\/wp-content\\\/uploads\\\/2024\\\/10\\\/Logo-1.png\",\"width\":1000,\"height\":183,\"caption\":\"Ibercofran\"},\"image\":{\"@id\":\"https:\\\/\\\/komoom.eu\\\/dev\\\/#\\\/schema\\\/logo\\\/image\\\/\"},\"sameAs\":[\"https:\\\/\\\/www.facebook.com\\\/ibercofran\",\"https:\\\/\\\/www.instagram.com\\\/ibercofran\\\/\"]}]}<\/script>\n<!-- \/ Yoast SEO plugin. -->","yoast_head_json":{"title":"Komoom - Proyectos art\u00edsticos","description":"Nos inspiramos en filosof\u00edas como la japonesa e hind\u00fa, conectando con la naturaleza, el equilibrio y la esencia de la vida en cada dise\u00f1o.","robots":{"index":"index","follow":"follow","max-snippet":"max-snippet:-1","max-image-preview":"max-image-preview:large","max-video-preview":"max-video-preview:-1"},"canonical":"https:\/\/komoom.eu\/dev\/esencia\/","og_locale":"es_ES","og_type":"article","og_title":"Un lugar donde crear un v\u00ednculo sincero con tu alma es posible.","og_description":"Nos inspiramos en filosof\u00edas como la japonesa e hind\u00fa, conectando con la naturaleza, el equilibrio y la esencia de la vida en cada dise\u00f1o.","og_url":"https:\/\/komoom.eu\/dev\/esencia\/","og_site_name":"Komoom","article_publisher":"https:\/\/www.facebook.com\/ibercofran","article_modified_time":"2025-01-07T10:59:53+00:00","og_image":[{"url":"https:\/\/komoom.eu\/dev\/wp-content\/uploads\/2024\/12\/quienesosomos-1024x1024.png","type":"","width":"","height":""}],"twitter_card":"summary_large_image","twitter_misc":{"Tiempo de lectura":"2 minutos"},"schema":{"@context":"https:\/\/schema.org","@graph":[{"@type":"WebPage","@id":"https:\/\/komoom.eu\/dev\/esencia\/","url":"https:\/\/komoom.eu\/dev\/esencia\/","name":"Komoom - Proyectos art\u00edsticos","isPartOf":{"@id":"https:\/\/komoom.eu\/dev\/#website"},"primaryImageOfPage":{"@id":"https:\/\/komoom.eu\/dev\/esencia\/#primaryimage"},"image":{"@id":"https:\/\/komoom.eu\/dev\/esencia\/#primaryimage"},"thumbnailUrl":"https:\/\/komoom.eu\/dev\/wp-content\/uploads\/2024\/12\/quienesosomos-1024x1024.png","datePublished":"2024-12-26T10:32:35+00:00","dateModified":"2025-01-07T10:59:53+00:00","description":"Nos inspiramos en filosof\u00edas como la japonesa e hind\u00fa, conectando con la naturaleza, el equilibrio y la esencia de la vida en cada dise\u00f1o.","breadcrumb":{"@id":"https:\/\/komoom.eu\/dev\/esencia\/#breadcrumb"},"inLanguage":"es","potentialAction":[{"@type":"ReadAction","target":["https:\/\/komoom.eu\/dev\/esencia\/"]}]},{"@type":"ImageObject","inLanguage":"es","@id":"https:\/\/komoom.eu\/dev\/esencia\/#primaryimage","url":"https:\/\/komoom.eu\/dev\/wp-content\/uploads\/2024\/12\/quienesosomos.png","contentUrl":"https:\/\/komoom.eu\/dev\/wp-content\/uploads\/2024\/12\/quienesosomos.png","width":1500,"height":1500},{"@type":"BreadcrumbList","@id":"https:\/\/komoom.eu\/dev\/esencia\/#breadcrumb","itemListElement":[{"@type":"ListItem","position":1,"name":"Portada","item":"https:\/\/komoom.eu\/dev\/"},{"@type":"ListItem","position":2,"name":"Esencia"}]},{"@type":"WebSite","@id":"https:\/\/komoom.eu\/dev\/#website","url":"https:\/\/komoom.eu\/dev\/","name":"Ibercofran","description":"Espacios exclusivos a tu alcance","publisher":{"@id":"https:\/\/komoom.eu\/dev\/#organization"},"potentialAction":[{"@type":"SearchAction","target":{"@type":"EntryPoint","urlTemplate":"https:\/\/komoom.eu\/dev\/?s={search_term_string}"},"query-input":{"@type":"PropertyValueSpecification","valueRequired":true,"valueName":"search_term_string"}}],"inLanguage":"es"},{"@type":"Organization","@id":"https:\/\/komoom.eu\/dev\/#organization","name":"Ibercofran","url":"https:\/\/komoom.eu\/dev\/","logo":{"@type":"ImageObject","inLanguage":"es","@id":"https:\/\/komoom.eu\/dev\/#\/schema\/logo\/image\/","url":"https:\/\/komoom.eu\/dev\/wp-content\/uploads\/2024\/10\/Logo-1.png","contentUrl":"https:\/\/komoom.eu\/dev\/wp-content\/uploads\/2024\/10\/Logo-1.png","width":1000,"height":183,"caption":"Ibercofran"},"image":{"@id":"https:\/\/komoom.eu\/dev\/#\/schema\/logo\/image\/"},"sameAs":["https:\/\/www.facebook.com\/ibercofran","https:\/\/www.instagram.com\/ibercofran\/"]}]}},"_links":{"self":[{"href":"https:\/\/komoom.eu\/dev\/wp-json\/wp\/v2\/pages\/4195","targetHints":{"allow":["GET"]}}],"collection":[{"href":"https:\/\/komoom.eu\/dev\/wp-json\/wp\/v2\/pages"}],"about":[{"href":"https:\/\/komoom.eu\/dev\/wp-json\/wp\/v2\/types\/page"}],"author":[{"embeddable":true,"href":"https:\/\/komoom.eu\/dev\/wp-json\/wp\/v2\/users\/1"}],"replies":[{"embeddable":true,"href":"https:\/\/komoom.eu\/dev\/wp-json\/wp\/v2\/comments?post=4195"}],"version-history":[{"count":3,"href":"https:\/\/komoom.eu\/dev\/wp-json\/wp\/v2\/pages\/4195\/revisions"}],"predecessor-version":[{"id":4880,"href":"https:\/\/komoom.eu\/dev\/wp-json\/wp\/v2\/pages\/4195\/revisions\/4880"}],"wp:attachment":[{"href":"https:\/\/komoom.eu\/dev\/wp-json\/wp\/v2\/media?parent=4195"}],"curies":[{"name":"wp","href":"https:\/\/api.w.org\/{rel}","templated":true}]}}