{"id":4094,"date":"2024-12-26T10:54:06","date_gmt":"2024-12-26T09:54:06","guid":{"rendered":"https:\/\/komoom.eu\/dev\/?page_id=4094"},"modified":"2025-01-10T11:05:33","modified_gmt":"2025-01-10T10:05:33","slug":"news","status":"publish","type":"page","link":"https:\/\/komoom.eu\/dev\/news\/","title":{"rendered":"News"},"content":{"rendered":"\t\t<div data-elementor-type=\"wp-page\" data-elementor-id=\"4094\" class=\"elementor elementor-4094\" data-elementor-post-type=\"page\">\n\t\t\t\t<div class=\"elementor-element elementor-element-4e43703 e-flex e-con-boxed e-con e-parent\" data-id=\"4e43703\" data-element_type=\"container\" data-e-type=\"container\">\n\t\t\t\t\t<div class=\"e-con-inner\">\n\t\t\t\t<div class=\"elementor-element elementor-element-23dc66e elementor-widget elementor-widget-heading\" data-id=\"23dc66e\" data-element_type=\"widget\" data-e-type=\"widget\" data-widget_type=\"heading.default\">\n\t\t\t\t<div class=\"elementor-widget-container\">\n\t\t\t\t\t<h2 class=\"elementor-heading-title elementor-size-default\">News<\/h2>\t\t\t\t<\/div>\n\t\t\t\t<\/div>\n\t\t\t\t<div class=\"elementor-element elementor-element-f1d4584 elementor-widget elementor-widget-text-editor\" data-id=\"f1d4584\" data-element_type=\"widget\" data-e-type=\"widget\" data-widget_type=\"text-editor.default\">\n\t\t\t\t<div class=\"elementor-widget-container\">\n\t\t\t\t\t\t\t\t\t<p>Bienvenido al lugar donde el dise\u00f1o y la innovaci\u00f3n se encuentran para inspirarte. Aqu\u00ed encontrar\u00e1s las \u00faltimas tendencias, noticias y reflexiones sobre el mundo del dise\u00f1o inmobiliario, pensadas para elevar tus proyectos y ayudarte a crear espacios que dejan huella. Este es tu punto de encuentro con ideas valiosas y soluciones que transforman cada rinc\u00f3n en una experiencia \u00fanica.<\/p>\t\t\t\t\t\t\t\t<\/div>\n\t\t\t\t<\/div>\n\t\t<div class=\"elementor-element elementor-element-cf65569 e-grid e-con-full e-con e-child\" data-id=\"cf65569\" data-element_type=\"container\" data-e-type=\"container\">\n\t\t\t\t<div class=\"elementor-element elementor-element-6953a31 elementor-widget elementor-widget-heading\" data-id=\"6953a31\" data-element_type=\"widget\" data-e-type=\"widget\" data-widget_type=\"heading.default\">\n\t\t\t\t<div class=\"elementor-widget-container\">\n\t\t\t\t\t<div class=\"elementor-heading-title elementor-size-default\"><a href=\"\/dev\/news\">Eventos<\/a><\/div>\t\t\t\t<\/div>\n\t\t\t\t<\/div>\n\t\t\t\t<div class=\"elementor-element elementor-element-23aa8a4 elementor-widget elementor-widget-heading\" data-id=\"23aa8a4\" data-element_type=\"widget\" data-e-type=\"widget\" data-widget_type=\"heading.default\">\n\t\t\t\t<div class=\"elementor-widget-container\">\n\t\t\t\t\t<div class=\"elementor-heading-title elementor-size-default\"><a href=\"\/dev\/video\">Video<\/a><\/div>\t\t\t\t<\/div>\n\t\t\t\t<\/div>\n\t\t\t\t<div class=\"elementor-element elementor-element-342fa16 elementor-widget elementor-widget-heading\" data-id=\"342fa16\" data-element_type=\"widget\" data-e-type=\"widget\" data-widget_type=\"heading.default\">\n\t\t\t\t<div class=\"elementor-widget-container\">\n\t\t\t\t\t<div class=\"elementor-heading-title elementor-size-default\"><a href=\"\/dev\/contract\">Contract<\/a><\/div>\t\t\t\t<\/div>\n\t\t\t\t<\/div>\n\t\t\t\t<\/div>\n\t\t\t\t\t<\/div>\n\t\t\t\t<\/div>\n\t\t<div class=\"elementor-element elementor-element-1bb0473 e-con-full e-flex e-con e-parent\" data-id=\"1bb0473\" data-element_type=\"container\" data-e-type=\"container\">\n\t\t\t\t<div class=\"elementor-element elementor-element-4622c06 uael-posts-thumbnail-ratio elementor-widget elementor-widget-uael-posts\" data-id=\"4622c06\" data-element_type=\"widget\" data-e-type=\"widget\" data-settings=\"{&quot;classic_slides_to_show&quot;:4,&quot;classic_slides_to_show_tablet&quot;:2,&quot;classic_slides_to_show_mobile&quot;:1,&quot;classic_show_filters&quot;:&quot;no&quot;}\" data-widget_type=\"uael-posts.classic\">\n\t\t\t\t<div class=\"elementor-widget-container\">\n\t\t\t\t\t\t\t<div class=\"uael-post__header\">\n\t\t\t\t\t<\/div>\n\t\t<div class=\"uael-post__body\">\n\t\t\t\n\t\t\n\t\t<div class=\"uael-blog-terms-position- uael-post-image-top uael-post-grid uael-posts\" data-query-type=\"custom\" data-structure=\"normal\" data-layout=\"\" data-page=\"4094\" data-skin=\"classic\" data-filter-default=\"\" data-offset-top=\"30\" >\n\n\t\t\t\t\t\t\t<div class=\"uael-post-grid__inner uael-post__columns-4 uael-post__columns-tablet-2 uael-post__columns-mobile-1\">\n\t\t\t\n<div class=\"uael-post-wrapper   sin-categor\u00eda \">\n\t<div class=\"uael-post__bg-wrap uael-bg-wrap-disabled \">\n\n\t\t\t\t\n\t\t<div class=\"uael-post__inner-wrap uael-inner-wrap-disabled\">\n\n\t\t\t\t<div class=\"uael-post__thumbnail\">\n\t\t\t\n\t\t\t<a href=\"https:\/\/komoom.eu\/dev\/intergift-2024\/\" target=\"_self\" title=\"Intergift 2024\"><img fetchpriority=\"high\" decoding=\"async\" width=\"800\" height=\"658\" src=\"https:\/\/komoom.eu\/dev\/wp-content\/uploads\/2025\/01\/Intergift20241-1024x842.jpg\" class=\"attachment-large size-large wp-image-4601\" alt=\"\" srcset=\"https:\/\/komoom.eu\/dev\/wp-content\/uploads\/2025\/01\/Intergift20241-1024x842.jpg 1024w, https:\/\/komoom.eu\/dev\/wp-content\/uploads\/2025\/01\/Intergift20241-300x247.jpg 300w, https:\/\/komoom.eu\/dev\/wp-content\/uploads\/2025\/01\/Intergift20241-768x632.jpg 768w, https:\/\/komoom.eu\/dev\/wp-content\/uploads\/2025\/01\/Intergift20241.jpg 1368w\" sizes=\"(max-width: 800px) 100vw, 800px\" \/><\/a>\n\t\t\t\t\t<\/div>\n\t\t\n\t\t\t\n\t\t\t<div class=\"uael-post__content-wrap uael-content-wrap-disabled\">\n\t\t\t\t\t<h3 class=\"uael-post__title\">\n\n\t\t\n\t\t\t\t\t\t<a href=\"https:\/\/komoom.eu\/dev\/intergift-2024\/\" target=\"_self\">\n\t\t\t\tIntergift 2024\t\t\t<\/a>\n\n\t\t\t\t<\/h3>\n\t\t\n\t\t<div class=\"uael-post__excerpt\">\n\t\t\tNosotros sabemos por lo que est\u00e1s pasando, por eso hemos ideado nuestros productos desde la empat\u00eda, para que tus inquietudes puedan desaparecer poco a poco ...\t\t<\/div>\n\n\t\t\t\t\t<a class=\"uael-post__read-more elementor-button\" href=\"https:\/\/komoom.eu\/dev\/intergift-2024\/\" target=\"_self\" aria-labelledby=\"uael-post-4600\">\n\t\t\t\t\t<span class=\"elementor-button-content-wrapper\">\n\t\t\t\t\t\t\t\t\t\t\t\t\t\t<span class=\"elementor-button-icon elementor-align-icon-left\">\n\n\t\t\t\t\t\t\t\t\t\n\t\t\t\t\t\t\t\t<\/span>\n\t\t\t\t\t\t\t\t\t\t\t\t\t\n\t\t\t\t\t\t<span class=\"elementor-button-text\" id=uael-post-4600>Galer\u00eda<\/span>\n\t\t\t\t\t<\/span>\n\t\t\t\t<\/a>\n\t\t\t\t\t\t<\/div>\n\t\t\t\n\t\t<\/div>\n\t\t\n\t<\/div>\n\n<\/div>\n\n<div class=\"uael-post-wrapper   sin-categor\u00eda \">\n\t<div class=\"uael-post__bg-wrap uael-bg-wrap-disabled \">\n\n\t\t\t\t\n\t\t<div class=\"uael-post__inner-wrap uael-inner-wrap-disabled\">\n\n\t\t\t\t<div class=\"uael-post__thumbnail\">\n\t\t\t\n\t\t\t<a href=\"https:\/\/komoom.eu\/dev\/interihotel-2024\/\" target=\"_self\" title=\"Interihotel 2024\"><img decoding=\"async\" width=\"800\" height=\"600\" src=\"https:\/\/komoom.eu\/dev\/wp-content\/uploads\/2025\/01\/Interhotel20241-1024x768.jpg\" class=\"attachment-large size-large wp-image-4594\" alt=\"\" srcset=\"https:\/\/komoom.eu\/dev\/wp-content\/uploads\/2025\/01\/Interhotel20241-1024x768.jpg 1024w, https:\/\/komoom.eu\/dev\/wp-content\/uploads\/2025\/01\/Interhotel20241-300x225.jpg 300w, https:\/\/komoom.eu\/dev\/wp-content\/uploads\/2025\/01\/Interhotel20241-768x576.jpg 768w, https:\/\/komoom.eu\/dev\/wp-content\/uploads\/2025\/01\/Interhotel20241-1536x1152.jpg 1536w, https:\/\/komoom.eu\/dev\/wp-content\/uploads\/2025\/01\/Interhotel20241.jpg 1600w\" sizes=\"(max-width: 800px) 100vw, 800px\" \/><\/a>\n\t\t\t\t\t<\/div>\n\t\t\n\t\t\t\n\t\t\t<div class=\"uael-post__content-wrap uael-content-wrap-disabled\">\n\t\t\t\t\t<h3 class=\"uael-post__title\">\n\n\t\t\n\t\t\t\t\t\t<a href=\"https:\/\/komoom.eu\/dev\/interihotel-2024\/\" target=\"_self\">\n\t\t\t\tInterihotel 2024\t\t\t<\/a>\n\n\t\t\t\t<\/h3>\n\t\t\n\t\t<div class=\"uael-post__excerpt\">\n\t\t\tEl equilibrio es el fundamento de Komoom para restablecer la historia en nuestra marca. Lo que queremos y nos representa es la calidad y el ...\t\t<\/div>\n\n\t\t\t\t\t<a class=\"uael-post__read-more elementor-button\" href=\"https:\/\/komoom.eu\/dev\/interihotel-2024\/\" target=\"_self\" aria-labelledby=\"uael-post-4593\">\n\t\t\t\t\t<span class=\"elementor-button-content-wrapper\">\n\t\t\t\t\t\t\t\t\t\t\t\t\t\t<span class=\"elementor-button-icon elementor-align-icon-left\">\n\n\t\t\t\t\t\t\t\t\t\n\t\t\t\t\t\t\t\t<\/span>\n\t\t\t\t\t\t\t\t\t\t\t\t\t\n\t\t\t\t\t\t<span class=\"elementor-button-text\" id=uael-post-4593>Galer\u00eda<\/span>\n\t\t\t\t\t<\/span>\n\t\t\t\t<\/a>\n\t\t\t\t\t\t<\/div>\n\t\t\t\n\t\t<\/div>\n\t\t\n\t<\/div>\n\n<\/div>\n\n<div class=\"uael-post-wrapper   sin-categor\u00eda \">\n\t<div class=\"uael-post__bg-wrap uael-bg-wrap-disabled \">\n\n\t\t\t\t\n\t\t<div class=\"uael-post__inner-wrap uael-inner-wrap-disabled\">\n\n\t\t\t\t<div class=\"uael-post__thumbnail\">\n\t\t\t\n\t\t\t<a href=\"https:\/\/komoom.eu\/dev\/interihotel-2023\/\" target=\"_self\" title=\"Interihotel 2023\"><img decoding=\"async\" width=\"800\" height=\"871\" src=\"https:\/\/komoom.eu\/dev\/wp-content\/uploads\/2025\/01\/Interhotel20231.jpg\" class=\"attachment-large size-large wp-image-4591\" alt=\"\" srcset=\"https:\/\/komoom.eu\/dev\/wp-content\/uploads\/2025\/01\/Interhotel20231.jpg 919w, https:\/\/komoom.eu\/dev\/wp-content\/uploads\/2025\/01\/Interhotel20231-276x300.jpg 276w, https:\/\/komoom.eu\/dev\/wp-content\/uploads\/2025\/01\/Interhotel20231-768x836.jpg 768w\" sizes=\"(max-width: 800px) 100vw, 800px\" \/><\/a>\n\t\t\t\t\t<\/div>\n\t\t\n\t\t\t\n\t\t\t<div class=\"uael-post__content-wrap uael-content-wrap-disabled\">\n\t\t\t\t\t<h3 class=\"uael-post__title\">\n\n\t\t\n\t\t\t\t\t\t<a href=\"https:\/\/komoom.eu\/dev\/interihotel-2023\/\" target=\"_self\">\n\t\t\t\tInterihotel 2023\t\t\t<\/a>\n\n\t\t\t\t<\/h3>\n\t\t\n\t\t<div class=\"uael-post__excerpt\">\n\t\t\tTrabajamos para mantener un punto intermedio entre lo emocional, mental y f\u00edsico reconociendo que el bienestar verdadero surge gracias al buen descanso.\t\t<\/div>\n\n\t\t\t\t\t<a class=\"uael-post__read-more elementor-button\" href=\"https:\/\/komoom.eu\/dev\/interihotel-2023\/\" target=\"_self\" aria-labelledby=\"uael-post-4586\">\n\t\t\t\t\t<span class=\"elementor-button-content-wrapper\">\n\t\t\t\t\t\t\t\t\t\t\t\t\t\t<span class=\"elementor-button-icon elementor-align-icon-left\">\n\n\t\t\t\t\t\t\t\t\t\n\t\t\t\t\t\t\t\t<\/span>\n\t\t\t\t\t\t\t\t\t\t\t\t\t\n\t\t\t\t\t\t<span class=\"elementor-button-text\" id=uael-post-4586>Galer\u00eda<\/span>\n\t\t\t\t\t<\/span>\n\t\t\t\t<\/a>\n\t\t\t\t\t\t<\/div>\n\t\t\t\n\t\t<\/div>\n\t\t\n\t<\/div>\n\n<\/div>\n\n<div class=\"uael-post-wrapper   sin-categor\u00eda \">\n\t<div class=\"uael-post__bg-wrap uael-bg-wrap-disabled \">\n\n\t\t\t\t\n\t\t<div class=\"uael-post__inner-wrap uael-inner-wrap-disabled\">\n\n\t\t\t\t<div class=\"uael-post__thumbnail\">\n\t\t\t\n\t\t\t<a href=\"https:\/\/komoom.eu\/dev\/feria-2022\/\" target=\"_self\" title=\"Interihotel 2022\"><img loading=\"lazy\" decoding=\"async\" width=\"720\" height=\"1024\" src=\"https:\/\/komoom.eu\/dev\/wp-content\/uploads\/2025\/01\/Interhotel20221-720x1024.jpg\" class=\"attachment-large size-large wp-image-4545\" alt=\"\" srcset=\"https:\/\/komoom.eu\/dev\/wp-content\/uploads\/2025\/01\/Interhotel20221-720x1024.jpg 720w, https:\/\/komoom.eu\/dev\/wp-content\/uploads\/2025\/01\/Interhotel20221-211x300.jpg 211w, https:\/\/komoom.eu\/dev\/wp-content\/uploads\/2025\/01\/Interhotel20221-768x1093.jpg 768w, https:\/\/komoom.eu\/dev\/wp-content\/uploads\/2025\/01\/Interhotel20221.jpg 773w\" sizes=\"(max-width: 720px) 100vw, 720px\" \/><\/a>\n\t\t\t\t\t<\/div>\n\t\t\n\t\t\t\n\t\t\t<div class=\"uael-post__content-wrap uael-content-wrap-disabled\">\n\t\t\t\t\t<h3 class=\"uael-post__title\">\n\n\t\t\n\t\t\t\t\t\t<a href=\"https:\/\/komoom.eu\/dev\/feria-2022\/\" target=\"_self\">\n\t\t\t\tInterihotel 2022\t\t\t<\/a>\n\n\t\t\t\t<\/h3>\n\t\t\n\t\t<div class=\"uael-post__excerpt\">\n\t\t\tTrabajamos para mantener un punto intermedio entre lo emocional y f\u00edsico reconociendo que el bienestar gracias al buen descanso\t\t<\/div>\n\n\t\t\t\t\t<a class=\"uael-post__read-more elementor-button\" href=\"https:\/\/komoom.eu\/dev\/feria-2022\/\" target=\"_self\" aria-labelledby=\"uael-post-4542\">\n\t\t\t\t\t<span class=\"elementor-button-content-wrapper\">\n\t\t\t\t\t\t\t\t\t\t\t\t\t\t<span class=\"elementor-button-icon elementor-align-icon-left\">\n\n\t\t\t\t\t\t\t\t\t\n\t\t\t\t\t\t\t\t<\/span>\n\t\t\t\t\t\t\t\t\t\t\t\t\t\n\t\t\t\t\t\t<span class=\"elementor-button-text\" id=uael-post-4542>Galer\u00eda<\/span>\n\t\t\t\t\t<\/span>\n\t\t\t\t<\/a>\n\t\t\t\t\t\t<\/div>\n\t\t\t\n\t\t<\/div>\n\t\t\n\t<\/div>\n\n<\/div>\n\t\t\t\t<\/div>\n\t\t\t\t\t\t\n\t\t<\/div>\n\n\t\t\t\t\t\t<\/div>\n\t\t<div class=\"uael-post__footer\">\n\t\t\t\t\t<\/div>\n\t\t\t\t\t\t<\/div>\n\t\t\t\t<\/div>\n\t\t\t\t<\/div>\n\t\t\t\t<\/div>\n\t\t","protected":false},"excerpt":{"rendered":"<p>News Bienvenido al lugar donde el dise\u00f1o y la innovaci\u00f3n se encuentran para inspirarte. Aqu\u00ed encontrar\u00e1s las \u00faltimas tendencias, noticias y reflexiones sobre el mundo del dise\u00f1o inmobiliario, pensadas para elevar tus proyectos y ayudarte a crear espacios que dejan huella. Este es tu punto de encuentro con ideas valiosas y soluciones que transforman cada [&hellip;]<\/p>\n","protected":false},"author":1,"featured_media":0,"parent":0,"menu_order":0,"comment_status":"closed","ping_status":"closed","template":"","meta":{"_acf_changed":false,"footnotes":""},"class_list":["post-4094","page","type-page","status-publish","hentry"],"acf":[],"yoast_head":"<!-- This site is optimized with the Yoast SEO plugin v27.4 - https:\/\/yoast.com\/product\/yoast-seo-wordpress\/ -->\n<title>Komoom - \u00daltimas tendencias de dise\u00f1o<\/title>\n<meta name=\"description\" content=\"Descubre tendencias, noticias y reflexiones en dise\u00f1o inmobiliario. Insp\u00edrate con ideas \u00fanicas para crear espacios que dejan huella.\" \/>\n<meta name=\"robots\" content=\"index, follow, max-snippet:-1, max-image-preview:large, max-video-preview:-1\" \/>\n<link rel=\"canonical\" href=\"https:\/\/komoom.eu\/dev\/news\/\" \/>\n<meta property=\"og:locale\" content=\"es_ES\" \/>\n<meta property=\"og:type\" content=\"article\" \/>\n<meta property=\"og:title\" content=\"Tendencias en dise\u00f1o inmobiliario\" \/>\n<meta property=\"og:description\" content=\"Descubre tendencias, noticias y reflexiones en dise\u00f1o inmobiliario. Insp\u00edrate con ideas \u00fanicas para crear espacios que dejan huella.\" \/>\n<meta property=\"og:url\" content=\"https:\/\/komoom.eu\/dev\/news\/\" \/>\n<meta property=\"og:site_name\" content=\"Komoom\" \/>\n<meta property=\"article:publisher\" content=\"https:\/\/www.facebook.com\/ibercofran\" \/>\n<meta property=\"article:modified_time\" content=\"2025-01-10T10:05:33+00:00\" \/>\n<meta property=\"og:image\" content=\"https:\/\/komoom.eu\/dev\/wp-content\/uploads\/2025\/01\/Intergift20241.jpg\" \/>\n\t<meta property=\"og:image:width\" content=\"1368\" \/>\n\t<meta property=\"og:image:height\" content=\"1125\" \/>\n\t<meta property=\"og:image:type\" content=\"image\/jpeg\" \/>\n<meta name=\"twitter:card\" content=\"summary_large_image\" \/>\n<meta name=\"twitter:label1\" content=\"Tiempo de lectura\" \/>\n\t<meta name=\"twitter:data1\" content=\"2 minutos\" \/>\n<script type=\"application\/ld+json\" class=\"yoast-schema-graph\">{\"@context\":\"https:\\\/\\\/schema.org\",\"@graph\":[{\"@type\":\"WebPage\",\"@id\":\"https:\\\/\\\/komoom.eu\\\/dev\\\/news\\\/\",\"url\":\"https:\\\/\\\/komoom.eu\\\/dev\\\/news\\\/\",\"name\":\"Komoom - \u00daltimas tendencias de dise\u00f1o\",\"isPartOf\":{\"@id\":\"https:\\\/\\\/komoom.eu\\\/dev\\\/#website\"},\"primaryImageOfPage\":{\"@id\":\"https:\\\/\\\/komoom.eu\\\/dev\\\/news\\\/#primaryimage\"},\"image\":{\"@id\":\"https:\\\/\\\/komoom.eu\\\/dev\\\/news\\\/#primaryimage\"},\"thumbnailUrl\":\"https:\\\/\\\/komoom.eu\\\/dev\\\/wp-content\\\/uploads\\\/2025\\\/01\\\/Intergift20241-1024x842.jpg\",\"datePublished\":\"2024-12-26T09:54:06+00:00\",\"dateModified\":\"2025-01-10T10:05:33+00:00\",\"description\":\"Descubre tendencias, noticias y reflexiones en dise\u00f1o inmobiliario. Insp\u00edrate con ideas \u00fanicas para crear espacios que dejan huella.\",\"breadcrumb\":{\"@id\":\"https:\\\/\\\/komoom.eu\\\/dev\\\/news\\\/#breadcrumb\"},\"inLanguage\":\"es\",\"potentialAction\":[{\"@type\":\"ReadAction\",\"target\":[\"https:\\\/\\\/komoom.eu\\\/dev\\\/news\\\/\"]}]},{\"@type\":\"ImageObject\",\"inLanguage\":\"es\",\"@id\":\"https:\\\/\\\/komoom.eu\\\/dev\\\/news\\\/#primaryimage\",\"url\":\"https:\\\/\\\/komoom.eu\\\/dev\\\/wp-content\\\/uploads\\\/2025\\\/01\\\/Intergift20241.jpg\",\"contentUrl\":\"https:\\\/\\\/komoom.eu\\\/dev\\\/wp-content\\\/uploads\\\/2025\\\/01\\\/Intergift20241.jpg\",\"width\":1368,\"height\":1125},{\"@type\":\"BreadcrumbList\",\"@id\":\"https:\\\/\\\/komoom.eu\\\/dev\\\/news\\\/#breadcrumb\",\"itemListElement\":[{\"@type\":\"ListItem\",\"position\":1,\"name\":\"Portada\",\"item\":\"https:\\\/\\\/komoom.eu\\\/dev\\\/\"},{\"@type\":\"ListItem\",\"position\":2,\"name\":\"News\"}]},{\"@type\":\"WebSite\",\"@id\":\"https:\\\/\\\/komoom.eu\\\/dev\\\/#website\",\"url\":\"https:\\\/\\\/komoom.eu\\\/dev\\\/\",\"name\":\"Ibercofran\",\"description\":\"Espacios exclusivos a tu alcance\",\"publisher\":{\"@id\":\"https:\\\/\\\/komoom.eu\\\/dev\\\/#organization\"},\"potentialAction\":[{\"@type\":\"SearchAction\",\"target\":{\"@type\":\"EntryPoint\",\"urlTemplate\":\"https:\\\/\\\/komoom.eu\\\/dev\\\/?s={search_term_string}\"},\"query-input\":{\"@type\":\"PropertyValueSpecification\",\"valueRequired\":true,\"valueName\":\"search_term_string\"}}],\"inLanguage\":\"es\"},{\"@type\":\"Organization\",\"@id\":\"https:\\\/\\\/komoom.eu\\\/dev\\\/#organization\",\"name\":\"Ibercofran\",\"url\":\"https:\\\/\\\/komoom.eu\\\/dev\\\/\",\"logo\":{\"@type\":\"ImageObject\",\"inLanguage\":\"es\",\"@id\":\"https:\\\/\\\/komoom.eu\\\/dev\\\/#\\\/schema\\\/logo\\\/image\\\/\",\"url\":\"https:\\\/\\\/komoom.eu\\\/dev\\\/wp-content\\\/uploads\\\/2024\\\/10\\\/Logo-1.png\",\"contentUrl\":\"https:\\\/\\\/komoom.eu\\\/dev\\\/wp-content\\\/uploads\\\/2024\\\/10\\\/Logo-1.png\",\"width\":1000,\"height\":183,\"caption\":\"Ibercofran\"},\"image\":{\"@id\":\"https:\\\/\\\/komoom.eu\\\/dev\\\/#\\\/schema\\\/logo\\\/image\\\/\"},\"sameAs\":[\"https:\\\/\\\/www.facebook.com\\\/ibercofran\",\"https:\\\/\\\/www.instagram.com\\\/ibercofran\\\/\"]}]}<\/script>\n<!-- \/ Yoast SEO plugin. -->","yoast_head_json":{"title":"Komoom - \u00daltimas tendencias de dise\u00f1o","description":"Descubre tendencias, noticias y reflexiones en dise\u00f1o inmobiliario. Insp\u00edrate con ideas \u00fanicas para crear espacios que dejan huella.","robots":{"index":"index","follow":"follow","max-snippet":"max-snippet:-1","max-image-preview":"max-image-preview:large","max-video-preview":"max-video-preview:-1"},"canonical":"https:\/\/komoom.eu\/dev\/news\/","og_locale":"es_ES","og_type":"article","og_title":"Tendencias en dise\u00f1o inmobiliario","og_description":"Descubre tendencias, noticias y reflexiones en dise\u00f1o inmobiliario. Insp\u00edrate con ideas \u00fanicas para crear espacios que dejan huella.","og_url":"https:\/\/komoom.eu\/dev\/news\/","og_site_name":"Komoom","article_publisher":"https:\/\/www.facebook.com\/ibercofran","article_modified_time":"2025-01-10T10:05:33+00:00","og_image":[{"width":1368,"height":1125,"url":"https:\/\/komoom.eu\/dev\/wp-content\/uploads\/2025\/01\/Intergift20241.jpg","type":"image\/jpeg"}],"twitter_card":"summary_large_image","twitter_misc":{"Tiempo de lectura":"2 minutos"},"schema":{"@context":"https:\/\/schema.org","@graph":[{"@type":"WebPage","@id":"https:\/\/komoom.eu\/dev\/news\/","url":"https:\/\/komoom.eu\/dev\/news\/","name":"Komoom - \u00daltimas tendencias de dise\u00f1o","isPartOf":{"@id":"https:\/\/komoom.eu\/dev\/#website"},"primaryImageOfPage":{"@id":"https:\/\/komoom.eu\/dev\/news\/#primaryimage"},"image":{"@id":"https:\/\/komoom.eu\/dev\/news\/#primaryimage"},"thumbnailUrl":"https:\/\/komoom.eu\/dev\/wp-content\/uploads\/2025\/01\/Intergift20241-1024x842.jpg","datePublished":"2024-12-26T09:54:06+00:00","dateModified":"2025-01-10T10:05:33+00:00","description":"Descubre tendencias, noticias y reflexiones en dise\u00f1o inmobiliario. Insp\u00edrate con ideas \u00fanicas para crear espacios que dejan huella.","breadcrumb":{"@id":"https:\/\/komoom.eu\/dev\/news\/#breadcrumb"},"inLanguage":"es","potentialAction":[{"@type":"ReadAction","target":["https:\/\/komoom.eu\/dev\/news\/"]}]},{"@type":"ImageObject","inLanguage":"es","@id":"https:\/\/komoom.eu\/dev\/news\/#primaryimage","url":"https:\/\/komoom.eu\/dev\/wp-content\/uploads\/2025\/01\/Intergift20241.jpg","contentUrl":"https:\/\/komoom.eu\/dev\/wp-content\/uploads\/2025\/01\/Intergift20241.jpg","width":1368,"height":1125},{"@type":"BreadcrumbList","@id":"https:\/\/komoom.eu\/dev\/news\/#breadcrumb","itemListElement":[{"@type":"ListItem","position":1,"name":"Portada","item":"https:\/\/komoom.eu\/dev\/"},{"@type":"ListItem","position":2,"name":"News"}]},{"@type":"WebSite","@id":"https:\/\/komoom.eu\/dev\/#website","url":"https:\/\/komoom.eu\/dev\/","name":"Ibercofran","description":"Espacios exclusivos a tu alcance","publisher":{"@id":"https:\/\/komoom.eu\/dev\/#organization"},"potentialAction":[{"@type":"SearchAction","target":{"@type":"EntryPoint","urlTemplate":"https:\/\/komoom.eu\/dev\/?s={search_term_string}"},"query-input":{"@type":"PropertyValueSpecification","valueRequired":true,"valueName":"search_term_string"}}],"inLanguage":"es"},{"@type":"Organization","@id":"https:\/\/komoom.eu\/dev\/#organization","name":"Ibercofran","url":"https:\/\/komoom.eu\/dev\/","logo":{"@type":"ImageObject","inLanguage":"es","@id":"https:\/\/komoom.eu\/dev\/#\/schema\/logo\/image\/","url":"https:\/\/komoom.eu\/dev\/wp-content\/uploads\/2024\/10\/Logo-1.png","contentUrl":"https:\/\/komoom.eu\/dev\/wp-content\/uploads\/2024\/10\/Logo-1.png","width":1000,"height":183,"caption":"Ibercofran"},"image":{"@id":"https:\/\/komoom.eu\/dev\/#\/schema\/logo\/image\/"},"sameAs":["https:\/\/www.facebook.com\/ibercofran","https:\/\/www.instagram.com\/ibercofran\/"]}]}},"_links":{"self":[{"href":"https:\/\/komoom.eu\/dev\/wp-json\/wp\/v2\/pages\/4094","targetHints":{"allow":["GET"]}}],"collection":[{"href":"https:\/\/komoom.eu\/dev\/wp-json\/wp\/v2\/pages"}],"about":[{"href":"https:\/\/komoom.eu\/dev\/wp-json\/wp\/v2\/types\/page"}],"author":[{"embeddable":true,"href":"https:\/\/komoom.eu\/dev\/wp-json\/wp\/v2\/users\/1"}],"replies":[{"embeddable":true,"href":"https:\/\/komoom.eu\/dev\/wp-json\/wp\/v2\/comments?post=4094"}],"version-history":[{"count":18,"href":"https:\/\/komoom.eu\/dev\/wp-json\/wp\/v2\/pages\/4094\/revisions"}],"predecessor-version":[{"id":5012,"href":"https:\/\/komoom.eu\/dev\/wp-json\/wp\/v2\/pages\/4094\/revisions\/5012"}],"wp:attachment":[{"href":"https:\/\/komoom.eu\/dev\/wp-json\/wp\/v2\/media?parent=4094"}],"curies":[{"name":"wp","href":"https:\/\/api.w.org\/{rel}","templated":true}]}}