{"id":4076,"date":"2024-12-26T10:47:50","date_gmt":"2024-12-26T09:47:50","guid":{"rendered":"https:\/\/komoom.eu\/dev\/?page_id=4076"},"modified":"2025-01-16T10:48:45","modified_gmt":"2025-01-16T09:48:45","slug":"disenadores","status":"publish","type":"page","link":"https:\/\/komoom.eu\/dev\/disenadores\/","title":{"rendered":"Dise\u00f1adores"},"content":{"rendered":"\t\t<div data-elementor-type=\"wp-page\" data-elementor-id=\"4076\" class=\"elementor elementor-4076\" data-elementor-post-type=\"page\">\n\t\t\t\t<div class=\"elementor-element elementor-element-2823421 e-con-full e-flex e-con e-parent\" data-id=\"2823421\" data-element_type=\"container\" data-e-type=\"container\" data-settings=\"{&quot;background_background&quot;:&quot;video&quot;,&quot;background_video_link&quot;:&quot;\\\/wp-content\\\/uploads\\\/2041059_Artistic_Art_1280x720.mp4&quot;,&quot;background_play_on_mobile&quot;:&quot;yes&quot;}\">\n\t\t<div class=\"elementor-background-video-container\">\n\t\t\t\t\t\t\t<video class=\"elementor-background-video-hosted\" role=\"presentation\" autoplay muted playsinline loop><\/video>\n\t\t\t\t\t<\/div>\t\t<\/div>\n\t\t<div class=\"elementor-element elementor-element-1294ae1 e-con-full e-flex e-con e-parent\" data-id=\"1294ae1\" data-element_type=\"container\" data-e-type=\"container\" data-settings=\"{&quot;background_background&quot;:&quot;classic&quot;}\">\n\t\t<div class=\"elementor-element elementor-element-d7a3ebd e-con-full e-flex e-con e-child\" data-id=\"d7a3ebd\" data-element_type=\"container\" data-e-type=\"container\" data-settings=\"{&quot;background_background&quot;:&quot;classic&quot;}\">\n\t\t\t\t<\/div>\n\t\t<div class=\"elementor-element elementor-element-1931294 e-con-full e-flex e-con e-child\" data-id=\"1931294\" data-element_type=\"container\" data-e-type=\"container\" data-settings=\"{&quot;background_background&quot;:&quot;classic&quot;}\">\n\t\t<div class=\"elementor-element elementor-element-34ec49d e-con-full e-flex e-con e-child\" data-id=\"34ec49d\" data-element_type=\"container\" data-e-type=\"container\" data-settings=\"{&quot;background_background&quot;:&quot;classic&quot;}\">\n\t\t\t\t<div class=\"elementor-element elementor-element-feef6d0 elementor-widget elementor-widget-text-editor\" data-id=\"feef6d0\" data-element_type=\"widget\" data-e-type=\"widget\" data-widget_type=\"text-editor.default\">\n\t\t\t\t<div class=\"elementor-widget-container\">\n\t\t\t\t\t\t\t\t\t<p><strong>Amparo Mu\u00f1oz<\/strong><br \/>Dise\u00f1adora y Decoradora de Espacios y Productos. Estudios de Ingenier\u00eda Industrial en la Universidad C.E.U San Pablo de Valencia, M\u00e1ster de Interiorismo en IED Milano. En 2009 fundadora de BIMBAMBUM en Valencia, Espa\u00f1a.<br \/>Dise\u00f1adora de Interiores y Producto Especializada en Hoteles, Restaurantes y Villas<br \/>Con un enfoque creativo y funcional, dise\u00f1a espacios \u00fanicos que combinan est\u00e9tica, confort e innovaci\u00f3n. Abarca todo el proceso, desde la conceptualizaci\u00f3n hasta el marketing y la construcci\u00f3n de la identidad visual de cada proyecto, incluyendo contenido audiovisual. Adem\u00e1s, desarrolla materiales innovadores como pinturas, recubrimientos y textiles, aportando un toque personalizado y distintivo a cada dise\u00f1o. En la actualidad colabora con Komoom en la creaci\u00f3n de los dise\u00f1os de cat\u00e1logo.<\/p>\t\t\t\t\t\t\t\t<\/div>\n\t\t\t\t<\/div>\n\t\t\t\t<\/div>\n\t\t\t\t<\/div>\n\t\t\t\t<\/div>\n\t\t<div class=\"elementor-element elementor-element-ed80a25 e-con-full e-flex e-con e-parent\" data-id=\"ed80a25\" data-element_type=\"container\" data-e-type=\"container\" data-settings=\"{&quot;background_background&quot;:&quot;classic&quot;}\">\n\t\t<div class=\"elementor-element elementor-element-64e5f65 e-con-full e-flex e-con e-child\" data-id=\"64e5f65\" data-element_type=\"container\" data-e-type=\"container\" data-settings=\"{&quot;background_background&quot;:&quot;classic&quot;}\">\n\t\t\t\t<\/div>\n\t\t<div class=\"elementor-element elementor-element-d2c8bbc e-con-full e-flex e-con e-child\" data-id=\"d2c8bbc\" data-element_type=\"container\" data-e-type=\"container\" data-settings=\"{&quot;background_background&quot;:&quot;classic&quot;}\">\n\t\t\t\t<div class=\"elementor-element elementor-element-116685c elementor-arrows-position-inside elementor-widget elementor-widget-image-carousel\" data-id=\"116685c\" data-element_type=\"widget\" data-e-type=\"widget\" data-settings=\"{&quot;slides_to_show&quot;:&quot;1&quot;,&quot;navigation&quot;:&quot;arrows&quot;,&quot;autoplay&quot;:&quot;yes&quot;,&quot;pause_on_hover&quot;:&quot;yes&quot;,&quot;pause_on_interaction&quot;:&quot;yes&quot;,&quot;autoplay_speed&quot;:5000,&quot;infinite&quot;:&quot;yes&quot;,&quot;effect&quot;:&quot;slide&quot;,&quot;speed&quot;:500}\" data-widget_type=\"image-carousel.default\">\n\t\t\t\t<div class=\"elementor-widget-container\">\n\t\t\t\t\t\t\t<div class=\"elementor-image-carousel-wrapper swiper\" role=\"region\" aria-roledescription=\"carousel\" aria-label=\"Carrusel de im\u00e1genes\" dir=\"ltr\">\n\t\t\t<div class=\"elementor-image-carousel swiper-wrapper\" aria-live=\"off\">\n\t\t\t\t\t\t\t\t<div class=\"swiper-slide\" role=\"group\" aria-roledescription=\"slide\" aria-label=\"1 de 4\"><figure class=\"swiper-slide-inner\"><img decoding=\"async\" class=\"swiper-slide-image\" src=\"https:\/\/komoom.eu\/dev\/wp-content\/uploads\/2024\/12\/a58-scaled.jpg\" alt=\"a58\" \/><\/figure><\/div><div class=\"swiper-slide\" role=\"group\" aria-roledescription=\"slide\" aria-label=\"2 de 4\"><figure class=\"swiper-slide-inner\"><img decoding=\"async\" class=\"swiper-slide-image\" src=\"https:\/\/komoom.eu\/dev\/wp-content\/uploads\/2024\/12\/c158-scaled.jpg\" alt=\"c158\" \/><\/figure><\/div><div class=\"swiper-slide\" role=\"group\" aria-roledescription=\"slide\" aria-label=\"3 de 4\"><figure class=\"swiper-slide-inner\"><img decoding=\"async\" class=\"swiper-slide-image\" src=\"https:\/\/komoom.eu\/dev\/wp-content\/uploads\/2024\/12\/c358-scaled.jpg\" alt=\"c358\" \/><\/figure><\/div><div class=\"swiper-slide\" role=\"group\" aria-roledescription=\"slide\" aria-label=\"4 de 4\"><figure class=\"swiper-slide-inner\"><img decoding=\"async\" class=\"swiper-slide-image\" src=\"https:\/\/komoom.eu\/dev\/wp-content\/uploads\/2024\/12\/c258-scaled.jpg\" alt=\"c258\" \/><\/figure><\/div>\t\t\t<\/div>\n\t\t\t\t\t\t\t\t\t\t\t\t<div class=\"elementor-swiper-button elementor-swiper-button-prev\" role=\"button\" tabindex=\"0\">\n\t\t\t\t\t\t<i aria-hidden=\"true\" class=\"icon icon-arrow-left\"><\/i>\t\t\t\t\t<\/div>\n\t\t\t\t\t<div class=\"elementor-swiper-button elementor-swiper-button-next\" role=\"button\" tabindex=\"0\">\n\t\t\t\t\t\t<i aria-hidden=\"true\" class=\"icon icon-arrow-right\"><\/i>\t\t\t\t\t<\/div>\n\t\t\t\t\n\t\t\t\t\t\t\t\t\t<\/div>\n\t\t\t\t\t\t<\/div>\n\t\t\t\t<\/div>\n\t\t\t\t<\/div>\n\t\t\t\t<\/div>\n\t\t<div class=\"elementor-element elementor-element-08bd1e0 e-con-full e-flex e-con e-parent\" data-id=\"08bd1e0\" data-element_type=\"container\" data-e-type=\"container\" data-settings=\"{&quot;background_background&quot;:&quot;classic&quot;}\">\n\t\t<div class=\"elementor-element elementor-element-4dd9762 e-con-full e-flex e-con e-child\" data-id=\"4dd9762\" data-element_type=\"container\" data-e-type=\"container\" data-settings=\"{&quot;background_background&quot;:&quot;classic&quot;}\">\n\t\t\t\t<div class=\"elementor-element elementor-element-75a525d elementor-widget elementor-widget-image\" data-id=\"75a525d\" data-element_type=\"widget\" data-e-type=\"widget\" data-widget_type=\"image.default\">\n\t\t\t\t<div class=\"elementor-widget-container\">\n\t\t\t\t\t\t\t\t\t\t\t\t\t\t\t<img fetchpriority=\"high\" decoding=\"async\" width=\"1276\" height=\"1600\" src=\"https:\/\/komoom.eu\/dev\/wp-content\/uploads\/2025\/01\/nozzommi.jpeg\" class=\"attachment-full size-full wp-image-4961\" alt=\"\" srcset=\"https:\/\/komoom.eu\/dev\/wp-content\/uploads\/2025\/01\/nozzommi.jpeg 1276w, https:\/\/komoom.eu\/dev\/wp-content\/uploads\/2025\/01\/nozzommi-239x300.jpeg 239w, https:\/\/komoom.eu\/dev\/wp-content\/uploads\/2025\/01\/nozzommi-817x1024.jpeg 817w, https:\/\/komoom.eu\/dev\/wp-content\/uploads\/2025\/01\/nozzommi-768x963.jpeg 768w, https:\/\/komoom.eu\/dev\/wp-content\/uploads\/2025\/01\/nozzommi-1225x1536.jpeg 1225w\" sizes=\"(max-width: 1276px) 100vw, 1276px\" \/>\t\t\t\t\t\t\t\t\t\t\t\t\t\t\t<\/div>\n\t\t\t\t<\/div>\n\t\t\t\t<\/div>\n\t\t<div class=\"elementor-element elementor-element-7c26ab2 e-con-full e-flex e-con e-child\" data-id=\"7c26ab2\" data-element_type=\"container\" data-e-type=\"container\" data-settings=\"{&quot;background_background&quot;:&quot;classic&quot;}\">\n\t\t\t\t<div class=\"elementor-element elementor-element-a53cacf elementor-widget elementor-widget-image\" data-id=\"a53cacf\" data-element_type=\"widget\" data-e-type=\"widget\" data-widget_type=\"image.default\">\n\t\t\t\t<div class=\"elementor-widget-container\">\n\t\t\t\t\t\t\t\t\t\t\t\t\t\t\t<img decoding=\"async\" width=\"1434\" height=\"1797\" src=\"https:\/\/komoom.eu\/dev\/wp-content\/uploads\/2025\/01\/nozomi.png\" class=\"attachment-full size-full wp-image-4960\" alt=\"\" srcset=\"https:\/\/komoom.eu\/dev\/wp-content\/uploads\/2025\/01\/nozomi.png 1434w, https:\/\/komoom.eu\/dev\/wp-content\/uploads\/2025\/01\/nozomi-239x300.png 239w, https:\/\/komoom.eu\/dev\/wp-content\/uploads\/2025\/01\/nozomi-817x1024.png 817w, https:\/\/komoom.eu\/dev\/wp-content\/uploads\/2025\/01\/nozomi-768x962.png 768w, https:\/\/komoom.eu\/dev\/wp-content\/uploads\/2025\/01\/nozomi-1226x1536.png 1226w\" sizes=\"(max-width: 1434px) 100vw, 1434px\" \/>\t\t\t\t\t\t\t\t\t\t\t\t\t\t\t<\/div>\n\t\t\t\t<\/div>\n\t\t\t\t<\/div>\n\t\t\t\t<\/div>\n\t\t<div class=\"elementor-element elementor-element-ffc1621 e-flex e-con-boxed e-con e-parent\" data-id=\"ffc1621\" data-element_type=\"container\" data-e-type=\"container\" data-settings=\"{&quot;background_background&quot;:&quot;classic&quot;}\">\n\t\t\t\t\t<div class=\"e-con-inner\">\n\t\t\t\t<div class=\"elementor-element elementor-element-e421341 elementor-widget elementor-widget-heading\" data-id=\"e421341\" data-element_type=\"widget\" data-e-type=\"widget\" data-widget_type=\"heading.default\">\n\t\t\t\t<div class=\"elementor-widget-container\">\n\t\t\t\t\t<h2 class=\"elementor-heading-title elementor-size-default\">Modular<br>Creando espacios<\/h2>\t\t\t\t<\/div>\n\t\t\t\t<\/div>\n\t\t\t\t\t<\/div>\n\t\t\t\t<\/div>\n\t\t\t\t<\/div>\n\t\t","protected":false},"excerpt":{"rendered":"<p>Amparo Mu\u00f1ozDise\u00f1adora y Decoradora de Espacios y Productos. Estudios de Ingenier\u00eda Industrial en la Universidad C.E.U San Pablo de Valencia, M\u00e1ster de Interiorismo en IED Milano. En 2009 fundadora de BIMBAMBUM en Valencia, Espa\u00f1a.Dise\u00f1adora de Interiores y Producto Especializada en Hoteles, Restaurantes y VillasCon un enfoque creativo y funcional, dise\u00f1a espacios \u00fanicos que combinan est\u00e9tica, [&hellip;]<\/p>\n","protected":false},"author":1,"featured_media":0,"parent":0,"menu_order":0,"comment_status":"closed","ping_status":"closed","template":"","meta":{"_acf_changed":false,"footnotes":""},"class_list":["post-4076","page","type-page","status-publish","hentry"],"acf":[],"yoast_head":"<!-- This site is optimized with the Yoast SEO plugin v27.4 - https:\/\/yoast.com\/product\/yoast-seo-wordpress\/ -->\n<title>Komoom - Proyectos art\u00edsticos<\/title>\n<meta name=\"description\" content=\"Explora el talento de dise\u00f1adores que crean mobiliario exclusivo. Innovaci\u00f3n, funcionalidad y estilo para proyectos \u00fanicos que inspiran.\" \/>\n<meta name=\"robots\" content=\"index, follow, max-snippet:-1, max-image-preview:large, max-video-preview:-1\" \/>\n<link rel=\"canonical\" href=\"https:\/\/komoom.eu\/dev\/disenadores\/\" \/>\n<meta property=\"og:locale\" content=\"es_ES\" \/>\n<meta property=\"og:type\" content=\"article\" \/>\n<meta property=\"og:title\" content=\"Dise\u00f1adores de mobiliario Komoom\" \/>\n<meta property=\"og:description\" content=\"Explora el talento de dise\u00f1adores que crean mobiliario exclusivo. Innovaci\u00f3n, funcionalidad y estilo para proyectos \u00fanicos que inspiran.\" \/>\n<meta property=\"og:url\" content=\"https:\/\/komoom.eu\/dev\/disenadores\/\" \/>\n<meta property=\"og:site_name\" content=\"Komoom\" \/>\n<meta property=\"article:publisher\" content=\"https:\/\/www.facebook.com\/ibercofran\" \/>\n<meta property=\"article:modified_time\" content=\"2025-01-16T09:48:45+00:00\" \/>\n<meta property=\"og:image\" content=\"https:\/\/komoom.eu\/dev\/wp-content\/uploads\/2024\/12\/FotoWeb1cuadrada.jpg\" \/>\n\t<meta property=\"og:image:width\" content=\"1500\" \/>\n\t<meta property=\"og:image:height\" content=\"1500\" \/>\n\t<meta property=\"og:image:type\" content=\"image\/jpeg\" \/>\n<meta name=\"twitter:card\" content=\"summary_large_image\" \/>\n<meta name=\"twitter:label1\" content=\"Tiempo de lectura\" \/>\n\t<meta name=\"twitter:data1\" content=\"3 minutos\" \/>\n<script type=\"application\/ld+json\" class=\"yoast-schema-graph\">{\"@context\":\"https:\\\/\\\/schema.org\",\"@graph\":[{\"@type\":\"WebPage\",\"@id\":\"https:\\\/\\\/komoom.eu\\\/dev\\\/disenadores\\\/\",\"url\":\"https:\\\/\\\/komoom.eu\\\/dev\\\/disenadores\\\/\",\"name\":\"Komoom - Proyectos art\u00edsticos\",\"isPartOf\":{\"@id\":\"https:\\\/\\\/komoom.eu\\\/dev\\\/#website\"},\"primaryImageOfPage\":{\"@id\":\"https:\\\/\\\/komoom.eu\\\/dev\\\/disenadores\\\/#primaryimage\"},\"image\":{\"@id\":\"https:\\\/\\\/komoom.eu\\\/dev\\\/disenadores\\\/#primaryimage\"},\"thumbnailUrl\":\"https:\\\/\\\/komoom.eu\\\/dev\\\/wp-content\\\/uploads\\\/2024\\\/12\\\/a58-scaled.jpg\",\"datePublished\":\"2024-12-26T09:47:50+00:00\",\"dateModified\":\"2025-01-16T09:48:45+00:00\",\"description\":\"Explora el talento de dise\u00f1adores que crean mobiliario exclusivo. Innovaci\u00f3n, funcionalidad y estilo para proyectos \u00fanicos que inspiran.\",\"breadcrumb\":{\"@id\":\"https:\\\/\\\/komoom.eu\\\/dev\\\/disenadores\\\/#breadcrumb\"},\"inLanguage\":\"es\",\"potentialAction\":[{\"@type\":\"ReadAction\",\"target\":[\"https:\\\/\\\/komoom.eu\\\/dev\\\/disenadores\\\/\"]}]},{\"@type\":\"ImageObject\",\"inLanguage\":\"es\",\"@id\":\"https:\\\/\\\/komoom.eu\\\/dev\\\/disenadores\\\/#primaryimage\",\"url\":\"https:\\\/\\\/komoom.eu\\\/dev\\\/wp-content\\\/uploads\\\/2024\\\/12\\\/a58-scaled.jpg\",\"contentUrl\":\"https:\\\/\\\/komoom.eu\\\/dev\\\/wp-content\\\/uploads\\\/2024\\\/12\\\/a58-scaled.jpg\",\"width\":1810,\"height\":2560},{\"@type\":\"BreadcrumbList\",\"@id\":\"https:\\\/\\\/komoom.eu\\\/dev\\\/disenadores\\\/#breadcrumb\",\"itemListElement\":[{\"@type\":\"ListItem\",\"position\":1,\"name\":\"Portada\",\"item\":\"https:\\\/\\\/komoom.eu\\\/dev\\\/\"},{\"@type\":\"ListItem\",\"position\":2,\"name\":\"Dise\u00f1adores\"}]},{\"@type\":\"WebSite\",\"@id\":\"https:\\\/\\\/komoom.eu\\\/dev\\\/#website\",\"url\":\"https:\\\/\\\/komoom.eu\\\/dev\\\/\",\"name\":\"Ibercofran\",\"description\":\"Espacios exclusivos a tu alcance\",\"publisher\":{\"@id\":\"https:\\\/\\\/komoom.eu\\\/dev\\\/#organization\"},\"potentialAction\":[{\"@type\":\"SearchAction\",\"target\":{\"@type\":\"EntryPoint\",\"urlTemplate\":\"https:\\\/\\\/komoom.eu\\\/dev\\\/?s={search_term_string}\"},\"query-input\":{\"@type\":\"PropertyValueSpecification\",\"valueRequired\":true,\"valueName\":\"search_term_string\"}}],\"inLanguage\":\"es\"},{\"@type\":\"Organization\",\"@id\":\"https:\\\/\\\/komoom.eu\\\/dev\\\/#organization\",\"name\":\"Ibercofran\",\"url\":\"https:\\\/\\\/komoom.eu\\\/dev\\\/\",\"logo\":{\"@type\":\"ImageObject\",\"inLanguage\":\"es\",\"@id\":\"https:\\\/\\\/komoom.eu\\\/dev\\\/#\\\/schema\\\/logo\\\/image\\\/\",\"url\":\"https:\\\/\\\/komoom.eu\\\/dev\\\/wp-content\\\/uploads\\\/2024\\\/10\\\/Logo-1.png\",\"contentUrl\":\"https:\\\/\\\/komoom.eu\\\/dev\\\/wp-content\\\/uploads\\\/2024\\\/10\\\/Logo-1.png\",\"width\":1000,\"height\":183,\"caption\":\"Ibercofran\"},\"image\":{\"@id\":\"https:\\\/\\\/komoom.eu\\\/dev\\\/#\\\/schema\\\/logo\\\/image\\\/\"},\"sameAs\":[\"https:\\\/\\\/www.facebook.com\\\/ibercofran\",\"https:\\\/\\\/www.instagram.com\\\/ibercofran\\\/\"]}]}<\/script>\n<!-- \/ Yoast SEO plugin. -->","yoast_head_json":{"title":"Komoom - Proyectos art\u00edsticos","description":"Explora el talento de dise\u00f1adores que crean mobiliario exclusivo. Innovaci\u00f3n, funcionalidad y estilo para proyectos \u00fanicos que inspiran.","robots":{"index":"index","follow":"follow","max-snippet":"max-snippet:-1","max-image-preview":"max-image-preview:large","max-video-preview":"max-video-preview:-1"},"canonical":"https:\/\/komoom.eu\/dev\/disenadores\/","og_locale":"es_ES","og_type":"article","og_title":"Dise\u00f1adores de mobiliario Komoom","og_description":"Explora el talento de dise\u00f1adores que crean mobiliario exclusivo. Innovaci\u00f3n, funcionalidad y estilo para proyectos \u00fanicos que inspiran.","og_url":"https:\/\/komoom.eu\/dev\/disenadores\/","og_site_name":"Komoom","article_publisher":"https:\/\/www.facebook.com\/ibercofran","article_modified_time":"2025-01-16T09:48:45+00:00","og_image":[{"width":1500,"height":1500,"url":"https:\/\/komoom.eu\/dev\/wp-content\/uploads\/2024\/12\/FotoWeb1cuadrada.jpg","type":"image\/jpeg"}],"twitter_card":"summary_large_image","twitter_misc":{"Tiempo de lectura":"3 minutos"},"schema":{"@context":"https:\/\/schema.org","@graph":[{"@type":"WebPage","@id":"https:\/\/komoom.eu\/dev\/disenadores\/","url":"https:\/\/komoom.eu\/dev\/disenadores\/","name":"Komoom - Proyectos art\u00edsticos","isPartOf":{"@id":"https:\/\/komoom.eu\/dev\/#website"},"primaryImageOfPage":{"@id":"https:\/\/komoom.eu\/dev\/disenadores\/#primaryimage"},"image":{"@id":"https:\/\/komoom.eu\/dev\/disenadores\/#primaryimage"},"thumbnailUrl":"https:\/\/komoom.eu\/dev\/wp-content\/uploads\/2024\/12\/a58-scaled.jpg","datePublished":"2024-12-26T09:47:50+00:00","dateModified":"2025-01-16T09:48:45+00:00","description":"Explora el talento de dise\u00f1adores que crean mobiliario exclusivo. Innovaci\u00f3n, funcionalidad y estilo para proyectos \u00fanicos que inspiran.","breadcrumb":{"@id":"https:\/\/komoom.eu\/dev\/disenadores\/#breadcrumb"},"inLanguage":"es","potentialAction":[{"@type":"ReadAction","target":["https:\/\/komoom.eu\/dev\/disenadores\/"]}]},{"@type":"ImageObject","inLanguage":"es","@id":"https:\/\/komoom.eu\/dev\/disenadores\/#primaryimage","url":"https:\/\/komoom.eu\/dev\/wp-content\/uploads\/2024\/12\/a58-scaled.jpg","contentUrl":"https:\/\/komoom.eu\/dev\/wp-content\/uploads\/2024\/12\/a58-scaled.jpg","width":1810,"height":2560},{"@type":"BreadcrumbList","@id":"https:\/\/komoom.eu\/dev\/disenadores\/#breadcrumb","itemListElement":[{"@type":"ListItem","position":1,"name":"Portada","item":"https:\/\/komoom.eu\/dev\/"},{"@type":"ListItem","position":2,"name":"Dise\u00f1adores"}]},{"@type":"WebSite","@id":"https:\/\/komoom.eu\/dev\/#website","url":"https:\/\/komoom.eu\/dev\/","name":"Ibercofran","description":"Espacios exclusivos a tu alcance","publisher":{"@id":"https:\/\/komoom.eu\/dev\/#organization"},"potentialAction":[{"@type":"SearchAction","target":{"@type":"EntryPoint","urlTemplate":"https:\/\/komoom.eu\/dev\/?s={search_term_string}"},"query-input":{"@type":"PropertyValueSpecification","valueRequired":true,"valueName":"search_term_string"}}],"inLanguage":"es"},{"@type":"Organization","@id":"https:\/\/komoom.eu\/dev\/#organization","name":"Ibercofran","url":"https:\/\/komoom.eu\/dev\/","logo":{"@type":"ImageObject","inLanguage":"es","@id":"https:\/\/komoom.eu\/dev\/#\/schema\/logo\/image\/","url":"https:\/\/komoom.eu\/dev\/wp-content\/uploads\/2024\/10\/Logo-1.png","contentUrl":"https:\/\/komoom.eu\/dev\/wp-content\/uploads\/2024\/10\/Logo-1.png","width":1000,"height":183,"caption":"Ibercofran"},"image":{"@id":"https:\/\/komoom.eu\/dev\/#\/schema\/logo\/image\/"},"sameAs":["https:\/\/www.facebook.com\/ibercofran","https:\/\/www.instagram.com\/ibercofran\/"]}]}},"_links":{"self":[{"href":"https:\/\/komoom.eu\/dev\/wp-json\/wp\/v2\/pages\/4076","targetHints":{"allow":["GET"]}}],"collection":[{"href":"https:\/\/komoom.eu\/dev\/wp-json\/wp\/v2\/pages"}],"about":[{"href":"https:\/\/komoom.eu\/dev\/wp-json\/wp\/v2\/types\/page"}],"author":[{"embeddable":true,"href":"https:\/\/komoom.eu\/dev\/wp-json\/wp\/v2\/users\/1"}],"replies":[{"embeddable":true,"href":"https:\/\/komoom.eu\/dev\/wp-json\/wp\/v2\/comments?post=4076"}],"version-history":[{"count":9,"href":"https:\/\/komoom.eu\/dev\/wp-json\/wp\/v2\/pages\/4076\/revisions"}],"predecessor-version":[{"id":5054,"href":"https:\/\/komoom.eu\/dev\/wp-json\/wp\/v2\/pages\/4076\/revisions\/5054"}],"wp:attachment":[{"href":"https:\/\/komoom.eu\/dev\/wp-json\/wp\/v2\/media?parent=4076"}],"curies":[{"name":"wp","href":"https:\/\/api.w.org\/{rel}","templated":true}]}}