{"id":3927,"date":"2024-12-23T18:01:58","date_gmt":"2024-12-23T17:01:58","guid":{"rendered":"https:\/\/komoom.eu\/dev\/?page_id=3927"},"modified":"2024-12-26T09:57:44","modified_gmt":"2024-12-26T08:57:44","slug":"gos-gran-via-6-madrid","status":"publish","type":"page","link":"https:\/\/komoom.eu\/dev\/gos-gran-via-6-madrid\/","title":{"rendered":"GOS Gran V\u00eda 6, Madrid"},"content":{"rendered":"\t\t<div data-elementor-type=\"wp-page\" data-elementor-id=\"3927\" class=\"elementor elementor-3927\" data-elementor-post-type=\"page\">\n\t\t\t\t<div class=\"elementor-element elementor-element-2823421 e-con-full e-flex e-con e-parent\" data-id=\"2823421\" data-element_type=\"container\" data-e-type=\"container\" data-settings=\"{&quot;background_background&quot;:&quot;classic&quot;}\">\n\t\t\t\t<div class=\"elementor-element elementor-element-23dc66e elementor-widget elementor-widget-heading\" data-id=\"23dc66e\" data-element_type=\"widget\" data-e-type=\"widget\" data-widget_type=\"heading.default\">\n\t\t\t\t<div class=\"elementor-widget-container\">\n\t\t\t\t\t<h2 class=\"elementor-heading-title elementor-size-default\">GOS Gran V\u00eda 6, Madrid<\/h2>\t\t\t\t<\/div>\n\t\t\t\t<\/div>\n\t\t\t\t<\/div>\n\t\t<div class=\"elementor-element elementor-element-7ed6e68 e-con-full e-flex e-con e-parent\" data-id=\"7ed6e68\" data-element_type=\"container\" data-e-type=\"container\" data-settings=\"{&quot;background_background&quot;:&quot;classic&quot;}\">\n\t\t<div class=\"elementor-element elementor-element-79138d7 e-con-full e-flex e-con e-child\" data-id=\"79138d7\" data-element_type=\"container\" data-e-type=\"container\" data-settings=\"{&quot;background_background&quot;:&quot;classic&quot;}\">\n\t\t<div class=\"elementor-element elementor-element-bc5ff3c e-con-full e-flex e-con e-child\" data-id=\"bc5ff3c\" data-element_type=\"container\" data-e-type=\"container\" data-settings=\"{&quot;background_background&quot;:&quot;classic&quot;}\">\n\t\t\t\t<div class=\"elementor-element elementor-element-0083d48 elementor-widget elementor-widget-text-editor\" data-id=\"0083d48\" data-element_type=\"widget\" data-e-type=\"widget\" data-widget_type=\"text-editor.default\">\n\t\t\t\t<div class=\"elementor-widget-container\">\n\t\t\t\t\t\t\t\t\t<p>Explorar nuevos lugares no solo nos llena de energ\u00eda, sino que tambi\u00e9n es una de las mejores formas de desconectar y recargar el \u00e1nimo. El estudio GOS entiende la importancia de transformar espacios y en Komoom apostamos por un cambio aut\u00e9ntico con nuestros productos dise\u00f1ados para inspirar y renovar tu entorno.<\/p>\t\t\t\t\t\t\t\t<\/div>\n\t\t\t\t<\/div>\n\t\t\t\t<\/div>\n\t\t\t\t<\/div>\n\t\t<div class=\"elementor-element elementor-element-5da0df8 e-con-full e-flex e-con e-child\" data-id=\"5da0df8\" data-element_type=\"container\" data-e-type=\"container\" data-settings=\"{&quot;background_background&quot;:&quot;classic&quot;}\">\n\t\t\t\t<\/div>\n\t\t\t\t<\/div>\n\t\t<div class=\"elementor-element elementor-element-7d2ce82 e-con-full e-flex e-con e-parent\" data-id=\"7d2ce82\" data-element_type=\"container\" data-e-type=\"container\" data-settings=\"{&quot;background_background&quot;:&quot;classic&quot;}\">\n\t\t<div class=\"elementor-element elementor-element-f5c56e4 e-con-full e-flex e-con e-child\" data-id=\"f5c56e4\" data-element_type=\"container\" data-e-type=\"container\" data-settings=\"{&quot;background_background&quot;:&quot;classic&quot;}\">\n\t\t\t\t<\/div>\n\t\t<div class=\"elementor-element elementor-element-86b0773 e-con-full e-flex e-con e-child\" data-id=\"86b0773\" data-element_type=\"container\" data-e-type=\"container\" data-settings=\"{&quot;background_background&quot;:&quot;video&quot;,&quot;background_video_link&quot;:&quot;\\\/wp-content\\\/uploads\\\/Personas-saltando.mp4&quot;}\">\n\t\t<div class=\"elementor-background-video-container elementor-hidden-mobile\">\n\t\t\t\t\t\t\t<video class=\"elementor-background-video-hosted\" role=\"presentation\" autoplay muted playsinline loop><\/video>\n\t\t\t\t\t<\/div>\t\t<div class=\"elementor-element elementor-element-a4bbf0e elementor-widget elementor-widget-heading\" data-id=\"a4bbf0e\" data-element_type=\"widget\" data-e-type=\"widget\" data-widget_type=\"heading.default\">\n\t\t\t\t<div class=\"elementor-widget-container\">\n\t\t\t\t\t<h2 class=\"elementor-heading-title elementor-size-default\">Un lugar donde crear un v\u00ednculos Komoom<\/h2>\t\t\t\t<\/div>\n\t\t\t\t<\/div>\n\t\t\t\t<\/div>\n\t\t\t\t<\/div>\n\t\t\t\t<\/div>\n\t\t","protected":false},"excerpt":{"rendered":"<p>GOS Gran V\u00eda 6, Madrid Explorar nuevos lugares no solo nos llena de energ\u00eda, sino que tambi\u00e9n es una de las mejores formas de desconectar y recargar el \u00e1nimo. El estudio GOS entiende la importancia de transformar espacios y en Komoom apostamos por un cambio aut\u00e9ntico con nuestros productos dise\u00f1ados para inspirar y renovar tu [&hellip;]<\/p>\n","protected":false},"author":1,"featured_media":0,"parent":0,"menu_order":0,"comment_status":"closed","ping_status":"closed","template":"","meta":{"_acf_changed":false,"footnotes":""},"class_list":["post-3927","page","type-page","status-publish","hentry"],"acf":[],"yoast_head":"<!-- This site is optimized with the Yoast SEO plugin v27.4 - https:\/\/yoast.com\/product\/yoast-seo-wordpress\/ -->\n<title>Komoom - Proyectos art\u00edsticos<\/title>\n<meta name=\"description\" content=\"Nos encargamos de todo el proceso, hasta los \u00faltimos detalles, para que t\u00fa solo te preocupes de disfrutar de tu nuevo espacio.\" \/>\n<meta name=\"robots\" content=\"index, follow, max-snippet:-1, max-image-preview:large, max-video-preview:-1\" \/>\n<link rel=\"canonical\" href=\"https:\/\/komoom.eu\/dev\/gos-gran-via-6-madrid\/\" \/>\n<meta property=\"og:locale\" content=\"es_ES\" \/>\n<meta property=\"og:type\" content=\"article\" \/>\n<meta property=\"og:title\" content=\"Proyectos art\u00edsticos\" \/>\n<meta property=\"og:description\" content=\"Nos encargamos de todo el proceso, hasta los \u00faltimos detalles, para que t\u00fa solo te preocupes de disfrutar de tu nuevo espacio.\" \/>\n<meta property=\"og:url\" content=\"https:\/\/komoom.eu\/dev\/gos-gran-via-6-madrid\/\" \/>\n<meta property=\"og:site_name\" content=\"Komoom\" \/>\n<meta property=\"article:publisher\" content=\"https:\/\/www.facebook.com\/ibercofran\" \/>\n<meta property=\"article:modified_time\" content=\"2024-12-26T08:57:44+00:00\" \/>\n<meta property=\"og:image\" content=\"https:\/\/komoom.eu\/dev\/wp-content\/uploads\/2024\/10\/Bimbambuum.png\" \/>\n\t<meta property=\"og:image:width\" content=\"1896\" \/>\n\t<meta property=\"og:image:height\" content=\"937\" \/>\n\t<meta property=\"og:image:type\" content=\"image\/png\" \/>\n<meta name=\"twitter:card\" content=\"summary_large_image\" \/>\n<meta name=\"twitter:label1\" content=\"Tiempo de lectura\" \/>\n\t<meta name=\"twitter:data1\" content=\"4 minutos\" \/>\n<script type=\"application\/ld+json\" class=\"yoast-schema-graph\">{\"@context\":\"https:\\\/\\\/schema.org\",\"@graph\":[{\"@type\":\"WebPage\",\"@id\":\"https:\\\/\\\/komoom.eu\\\/dev\\\/gos-gran-via-6-madrid\\\/\",\"url\":\"https:\\\/\\\/komoom.eu\\\/dev\\\/gos-gran-via-6-madrid\\\/\",\"name\":\"Komoom - Proyectos art\u00edsticos\",\"isPartOf\":{\"@id\":\"https:\\\/\\\/komoom.eu\\\/dev\\\/#website\"},\"datePublished\":\"2024-12-23T17:01:58+00:00\",\"dateModified\":\"2024-12-26T08:57:44+00:00\",\"description\":\"Nos encargamos de todo el proceso, hasta los \u00faltimos detalles, para que t\u00fa solo te preocupes de disfrutar de tu nuevo espacio.\",\"breadcrumb\":{\"@id\":\"https:\\\/\\\/komoom.eu\\\/dev\\\/gos-gran-via-6-madrid\\\/#breadcrumb\"},\"inLanguage\":\"es\",\"potentialAction\":[{\"@type\":\"ReadAction\",\"target\":[\"https:\\\/\\\/komoom.eu\\\/dev\\\/gos-gran-via-6-madrid\\\/\"]}]},{\"@type\":\"BreadcrumbList\",\"@id\":\"https:\\\/\\\/komoom.eu\\\/dev\\\/gos-gran-via-6-madrid\\\/#breadcrumb\",\"itemListElement\":[{\"@type\":\"ListItem\",\"position\":1,\"name\":\"Portada\",\"item\":\"https:\\\/\\\/komoom.eu\\\/dev\\\/\"},{\"@type\":\"ListItem\",\"position\":2,\"name\":\"GOS Gran V\u00eda 6, Madrid\"}]},{\"@type\":\"WebSite\",\"@id\":\"https:\\\/\\\/komoom.eu\\\/dev\\\/#website\",\"url\":\"https:\\\/\\\/komoom.eu\\\/dev\\\/\",\"name\":\"Ibercofran\",\"description\":\"Espacios exclusivos a tu alcance\",\"publisher\":{\"@id\":\"https:\\\/\\\/komoom.eu\\\/dev\\\/#organization\"},\"potentialAction\":[{\"@type\":\"SearchAction\",\"target\":{\"@type\":\"EntryPoint\",\"urlTemplate\":\"https:\\\/\\\/komoom.eu\\\/dev\\\/?s={search_term_string}\"},\"query-input\":{\"@type\":\"PropertyValueSpecification\",\"valueRequired\":true,\"valueName\":\"search_term_string\"}}],\"inLanguage\":\"es\"},{\"@type\":\"Organization\",\"@id\":\"https:\\\/\\\/komoom.eu\\\/dev\\\/#organization\",\"name\":\"Ibercofran\",\"url\":\"https:\\\/\\\/komoom.eu\\\/dev\\\/\",\"logo\":{\"@type\":\"ImageObject\",\"inLanguage\":\"es\",\"@id\":\"https:\\\/\\\/komoom.eu\\\/dev\\\/#\\\/schema\\\/logo\\\/image\\\/\",\"url\":\"https:\\\/\\\/komoom.eu\\\/dev\\\/wp-content\\\/uploads\\\/2024\\\/10\\\/Logo-1.png\",\"contentUrl\":\"https:\\\/\\\/komoom.eu\\\/dev\\\/wp-content\\\/uploads\\\/2024\\\/10\\\/Logo-1.png\",\"width\":1000,\"height\":183,\"caption\":\"Ibercofran\"},\"image\":{\"@id\":\"https:\\\/\\\/komoom.eu\\\/dev\\\/#\\\/schema\\\/logo\\\/image\\\/\"},\"sameAs\":[\"https:\\\/\\\/www.facebook.com\\\/ibercofran\",\"https:\\\/\\\/www.instagram.com\\\/ibercofran\\\/\"]}]}<\/script>\n<!-- \/ Yoast SEO plugin. -->","yoast_head_json":{"title":"Komoom - Proyectos art\u00edsticos","description":"Nos encargamos de todo el proceso, hasta los \u00faltimos detalles, para que t\u00fa solo te preocupes de disfrutar de tu nuevo espacio.","robots":{"index":"index","follow":"follow","max-snippet":"max-snippet:-1","max-image-preview":"max-image-preview:large","max-video-preview":"max-video-preview:-1"},"canonical":"https:\/\/komoom.eu\/dev\/gos-gran-via-6-madrid\/","og_locale":"es_ES","og_type":"article","og_title":"Proyectos art\u00edsticos","og_description":"Nos encargamos de todo el proceso, hasta los \u00faltimos detalles, para que t\u00fa solo te preocupes de disfrutar de tu nuevo espacio.","og_url":"https:\/\/komoom.eu\/dev\/gos-gran-via-6-madrid\/","og_site_name":"Komoom","article_publisher":"https:\/\/www.facebook.com\/ibercofran","article_modified_time":"2024-12-26T08:57:44+00:00","og_image":[{"width":1896,"height":937,"url":"https:\/\/komoom.eu\/dev\/wp-content\/uploads\/2024\/10\/Bimbambuum.png","type":"image\/png"}],"twitter_card":"summary_large_image","twitter_misc":{"Tiempo de lectura":"4 minutos"},"schema":{"@context":"https:\/\/schema.org","@graph":[{"@type":"WebPage","@id":"https:\/\/komoom.eu\/dev\/gos-gran-via-6-madrid\/","url":"https:\/\/komoom.eu\/dev\/gos-gran-via-6-madrid\/","name":"Komoom - Proyectos art\u00edsticos","isPartOf":{"@id":"https:\/\/komoom.eu\/dev\/#website"},"datePublished":"2024-12-23T17:01:58+00:00","dateModified":"2024-12-26T08:57:44+00:00","description":"Nos encargamos de todo el proceso, hasta los \u00faltimos detalles, para que t\u00fa solo te preocupes de disfrutar de tu nuevo espacio.","breadcrumb":{"@id":"https:\/\/komoom.eu\/dev\/gos-gran-via-6-madrid\/#breadcrumb"},"inLanguage":"es","potentialAction":[{"@type":"ReadAction","target":["https:\/\/komoom.eu\/dev\/gos-gran-via-6-madrid\/"]}]},{"@type":"BreadcrumbList","@id":"https:\/\/komoom.eu\/dev\/gos-gran-via-6-madrid\/#breadcrumb","itemListElement":[{"@type":"ListItem","position":1,"name":"Portada","item":"https:\/\/komoom.eu\/dev\/"},{"@type":"ListItem","position":2,"name":"GOS Gran V\u00eda 6, Madrid"}]},{"@type":"WebSite","@id":"https:\/\/komoom.eu\/dev\/#website","url":"https:\/\/komoom.eu\/dev\/","name":"Ibercofran","description":"Espacios exclusivos a tu alcance","publisher":{"@id":"https:\/\/komoom.eu\/dev\/#organization"},"potentialAction":[{"@type":"SearchAction","target":{"@type":"EntryPoint","urlTemplate":"https:\/\/komoom.eu\/dev\/?s={search_term_string}"},"query-input":{"@type":"PropertyValueSpecification","valueRequired":true,"valueName":"search_term_string"}}],"inLanguage":"es"},{"@type":"Organization","@id":"https:\/\/komoom.eu\/dev\/#organization","name":"Ibercofran","url":"https:\/\/komoom.eu\/dev\/","logo":{"@type":"ImageObject","inLanguage":"es","@id":"https:\/\/komoom.eu\/dev\/#\/schema\/logo\/image\/","url":"https:\/\/komoom.eu\/dev\/wp-content\/uploads\/2024\/10\/Logo-1.png","contentUrl":"https:\/\/komoom.eu\/dev\/wp-content\/uploads\/2024\/10\/Logo-1.png","width":1000,"height":183,"caption":"Ibercofran"},"image":{"@id":"https:\/\/komoom.eu\/dev\/#\/schema\/logo\/image\/"},"sameAs":["https:\/\/www.facebook.com\/ibercofran","https:\/\/www.instagram.com\/ibercofran\/"]}]}},"_links":{"self":[{"href":"https:\/\/komoom.eu\/dev\/wp-json\/wp\/v2\/pages\/3927","targetHints":{"allow":["GET"]}}],"collection":[{"href":"https:\/\/komoom.eu\/dev\/wp-json\/wp\/v2\/pages"}],"about":[{"href":"https:\/\/komoom.eu\/dev\/wp-json\/wp\/v2\/types\/page"}],"author":[{"embeddable":true,"href":"https:\/\/komoom.eu\/dev\/wp-json\/wp\/v2\/users\/1"}],"replies":[{"embeddable":true,"href":"https:\/\/komoom.eu\/dev\/wp-json\/wp\/v2\/comments?post=3927"}],"version-history":[{"count":1,"href":"https:\/\/komoom.eu\/dev\/wp-json\/wp\/v2\/pages\/3927\/revisions"}],"predecessor-version":[{"id":5000,"href":"https:\/\/komoom.eu\/dev\/wp-json\/wp\/v2\/pages\/3927\/revisions\/5000"}],"wp:attachment":[{"href":"https:\/\/komoom.eu\/dev\/wp-json\/wp\/v2\/media?parent=3927"}],"curies":[{"name":"wp","href":"https:\/\/api.w.org\/{rel}","templated":true}]}}