{"id":2063,"date":"2024-10-22T12:08:08","date_gmt":"2024-10-22T10:08:08","guid":{"rendered":"https:\/\/komoom.eu\/dev\/?page_id=2063"},"modified":"2025-01-10T11:09:14","modified_gmt":"2025-01-10T10:09:14","slug":"komoom","status":"publish","type":"page","link":"https:\/\/komoom.eu\/dev\/","title":{"rendered":"komoom"},"content":{"rendered":"\t\t<div data-elementor-type=\"wp-page\" data-elementor-id=\"2063\" class=\"elementor elementor-2063\" data-elementor-post-type=\"page\">\n\t\t\t\t<div class=\"elementor-element elementor-element-fb45b4a e-con-full e-flex e-con e-parent\" data-id=\"fb45b4a\" data-element_type=\"container\" data-e-type=\"container\" id=\"home\" data-settings=\"{&quot;background_background&quot;:&quot;video&quot;,&quot;background_video_link&quot;:&quot;\\\/wp-content\\\/uploads\\\/Home-Kommom.mp4&quot;,&quot;background_play_on_mobile&quot;:&quot;yes&quot;}\">\n\t\t<div class=\"elementor-background-video-container\">\n\t\t\t\t\t\t\t<video class=\"elementor-background-video-hosted\" role=\"presentation\" autoplay muted playsinline loop><\/video>\n\t\t\t\t\t<\/div>\t\t<\/div>\n\t\t<div class=\"elementor-element elementor-element-606575f e-con-full e-flex e-con e-parent\" data-id=\"606575f\" data-element_type=\"container\" data-e-type=\"container\" data-settings=\"{&quot;background_background&quot;:&quot;classic&quot;}\">\n\t\t<div class=\"elementor-element elementor-element-746bff9 e-con-full e-flex e-con e-child\" data-id=\"746bff9\" data-element_type=\"container\" data-e-type=\"container\" data-settings=\"{&quot;background_background&quot;:&quot;classic&quot;}\">\n\t\t\t\t<\/div>\n\t\t<div class=\"elementor-element elementor-element-106f693 e-con-full e-flex e-con e-child\" data-id=\"106f693\" data-element_type=\"container\" data-e-type=\"container\" data-settings=\"{&quot;background_background&quot;:&quot;classic&quot;}\">\n\t\t<div class=\"elementor-element elementor-element-ca755f6 e-con-full e-flex e-con e-child\" data-id=\"ca755f6\" data-element_type=\"container\" data-e-type=\"container\" data-settings=\"{&quot;background_background&quot;:&quot;classic&quot;}\">\n\t\t\t\t<div class=\"elementor-element elementor-element-24d91c5 elementor-widget elementor-widget-heading\" data-id=\"24d91c5\" data-element_type=\"widget\" data-e-type=\"widget\" data-widget_type=\"heading.default\">\n\t\t\t\t<div class=\"elementor-widget-container\">\n\t\t\t\t\t<h2 class=\"elementor-heading-title elementor-size-default\">Nozomi, la clave est\u00e1 en elegir un buen producto.<\/h2>\t\t\t\t<\/div>\n\t\t\t\t<\/div>\n\t\t\t\t<\/div>\n\t\t<div class=\"elementor-element elementor-element-c165071 e-con-full e-flex e-con e-child\" data-id=\"c165071\" data-element_type=\"container\" data-e-type=\"container\">\n\t\t\t\t<div class=\"elementor-element elementor-element-8b66670 elementor-widget elementor-widget-image\" data-id=\"8b66670\" data-element_type=\"widget\" data-e-type=\"widget\" data-widget_type=\"image.default\">\n\t\t\t\t<div class=\"elementor-widget-container\">\n\t\t\t\t\t\t\t\t\t\t\t\t\t\t\t<img decoding=\"async\" width=\"41\" height=\"88\" src=\"https:\/\/komoom.eu\/dev\/wp-content\/uploads\/2024\/12\/logonazomo.png\" class=\"attachment-large size-large wp-image-3713\" alt=\"\" \/>\t\t\t\t\t\t\t\t\t\t\t\t\t\t\t<\/div>\n\t\t\t\t<\/div>\n\t\t\t\t<div class=\"elementor-element elementor-element-938381f elementor-align-right elementor-hidden-desktop elementor-hidden-tablet elementor-hidden-mobile elementor-widget elementor-widget-button\" data-id=\"938381f\" data-element_type=\"widget\" data-e-type=\"widget\" data-widget_type=\"button.default\">\n\t\t\t\t<div class=\"elementor-widget-container\">\n\t\t\t\t\t\t\t\t\t<div class=\"elementor-button-wrapper\">\n\t\t\t\t\t<a class=\"elementor-button elementor-button-link elementor-size-sm\" href=\"\/living\">\n\t\t\t\t\t\t<span class=\"elementor-button-content-wrapper\">\n\t\t\t\t\t\t\t\t\t<span class=\"elementor-button-text\">Descubre el cat\u00e1logo<\/span>\n\t\t\t\t\t<\/span>\n\t\t\t\t\t<\/a>\n\t\t\t\t<\/div>\n\t\t\t\t\t\t\t\t<\/div>\n\t\t\t\t<\/div>\n\t\t\t\t<\/div>\n\t\t\t\t<\/div>\n\t\t\t\t<\/div>\n\t\t<div class=\"elementor-element elementor-element-abfceb1 e-flex e-con-boxed e-con e-parent\" data-id=\"abfceb1\" data-element_type=\"container\" data-e-type=\"container\" data-settings=\"{&quot;background_background&quot;:&quot;classic&quot;}\">\n\t\t\t\t\t<div class=\"e-con-inner\">\n\t\t\t\t<div class=\"elementor-element elementor-element-4056c22 elementor-widget elementor-widget-heading\" data-id=\"4056c22\" data-element_type=\"widget\" data-e-type=\"widget\" data-widget_type=\"heading.default\">\n\t\t\t\t<div class=\"elementor-widget-container\">\n\t\t\t\t\t<h2 class=\"elementor-heading-title elementor-size-default\">GOS<br>Gran V\u00eda 6, Madrid<\/h2>\t\t\t\t<\/div>\n\t\t\t\t<\/div>\n\t\t\t\t<div class=\"elementor-element elementor-element-36d2ec1 elementor-align-center elementor-widget__width-inherit elementor-absolute elementor-widget elementor-widget-button\" data-id=\"36d2ec1\" data-element_type=\"widget\" data-e-type=\"widget\" data-settings=\"{&quot;_position&quot;:&quot;absolute&quot;}\" data-widget_type=\"button.default\">\n\t\t\t\t<div class=\"elementor-widget-container\">\n\t\t\t\t\t\t\t\t\t<div class=\"elementor-button-wrapper\">\n\t\t\t\t\t<a class=\"elementor-button elementor-button-link elementor-size-sm\" href=\"\/dev\/gos-gran-via-6-madrid\">\n\t\t\t\t\t\t<span class=\"elementor-button-content-wrapper\">\n\t\t\t\t\t\t\t\t\t<span class=\"elementor-button-text\">Mostrar<\/span>\n\t\t\t\t\t<\/span>\n\t\t\t\t\t<\/a>\n\t\t\t\t<\/div>\n\t\t\t\t\t\t\t\t<\/div>\n\t\t\t\t<\/div>\n\t\t\t\t\t<\/div>\n\t\t\t\t<\/div>\n\t\t<div class=\"elementor-element elementor-element-81e63e1 e-con-full e-flex e-con e-parent\" data-id=\"81e63e1\" data-element_type=\"container\" data-e-type=\"container\" data-settings=\"{&quot;background_background&quot;:&quot;classic&quot;}\">\n\t\t<div class=\"elementor-element elementor-element-37c243c e-con-full e-flex e-con e-child\" data-id=\"37c243c\" data-element_type=\"container\" data-e-type=\"container\" data-settings=\"{&quot;background_background&quot;:&quot;classic&quot;}\">\n\t\t<div class=\"elementor-element elementor-element-399c116 e-con-full e-flex e-con e-child\" data-id=\"399c116\" data-element_type=\"container\" data-e-type=\"container\" data-settings=\"{&quot;background_background&quot;:&quot;classic&quot;}\">\n\t\t\t\t<div class=\"elementor-element elementor-element-22facfa elementor-widget elementor-widget-heading\" data-id=\"22facfa\" data-element_type=\"widget\" data-e-type=\"widget\" data-widget_type=\"heading.default\">\n\t\t\t\t<div class=\"elementor-widget-container\">\n\t\t\t\t\t<h2 class=\"elementor-heading-title elementor-size-default\">Dise\u00f1adores<\/h2>\t\t\t\t<\/div>\n\t\t\t\t<\/div>\n\t\t\t\t<div class=\"elementor-element elementor-element-20f0bed elementor-widget elementor-widget-text-editor\" data-id=\"20f0bed\" data-element_type=\"widget\" data-e-type=\"widget\" data-widget_type=\"text-editor.default\">\n\t\t\t\t<div class=\"elementor-widget-container\">\n\t\t\t\t\t\t\t\t\t<p>Dise\u00f1adora y Decoradora de Espacios y Productos. Estudios de Ingenier\u00eda Industrial en la Universidad C.E.U San Pablo de Valencia, M\u00e1ster de Interiorismo en IED Milano. En 2009 fundadora de BIMBAMBUM en Valencia, Espa\u00f1a.<br \/>Dise\u00f1adora de Interiores y Producto Especializada en Hoteles, Restaurantes y Villas<br \/>Con un enfoque creativo y funcional, dise\u00f1a espacios \u00fanicos que combinan est\u00e9tica, confort e innovaci\u00f3n. Abarca todo el proceso, desde la conceptualizaci\u00f3n hasta el marketing y la construcci\u00f3n de la identidad visual de cada proyecto, incluyendo contenido audiovisual. Adem\u00e1s, desarrolla materiales innovadores como pinturas, recubrimientos y textiles, aportando un toque personalizado y distintivo a cada dise\u00f1o. En la actualidad colabora con Komoom en la creaci\u00f3n de los dise\u00f1os de cat\u00e1logo.<\/p>\t\t\t\t\t\t\t\t<\/div>\n\t\t\t\t<\/div>\n\t\t\t\t<\/div>\n\t\t\t\t<div class=\"elementor-element elementor-element-a59ba23 elementor-align-right elementor-widget elementor-widget-button\" data-id=\"a59ba23\" data-element_type=\"widget\" data-e-type=\"widget\" data-widget_type=\"button.default\">\n\t\t\t\t<div class=\"elementor-widget-container\">\n\t\t\t\t\t\t\t\t\t<div class=\"elementor-button-wrapper\">\n\t\t\t\t\t<a class=\"elementor-button elementor-button-link elementor-size-sm\" href=\"\/dev\/disenadores\/\">\n\t\t\t\t\t\t<span class=\"elementor-button-content-wrapper\">\n\t\t\t\t\t\t\t\t\t<span class=\"elementor-button-text\">Ver dise\u00f1ador<\/span>\n\t\t\t\t\t<\/span>\n\t\t\t\t\t<\/a>\n\t\t\t\t<\/div>\n\t\t\t\t\t\t\t\t<\/div>\n\t\t\t\t<\/div>\n\t\t\t\t<\/div>\n\t\t<div class=\"elementor-element elementor-element-dd53b75 e-con-full e-flex e-con e-child\" data-id=\"dd53b75\" data-element_type=\"container\" data-e-type=\"container\" data-settings=\"{&quot;background_background&quot;:&quot;classic&quot;}\">\n\t\t\t\t<div class=\"elementor-element elementor-element-9191c29 elementor-widget elementor-widget-heading\" data-id=\"9191c29\" data-element_type=\"widget\" data-e-type=\"widget\" data-widget_type=\"heading.default\">\n\t\t\t\t<div class=\"elementor-widget-container\">\n\t\t\t\t\t<h2 class=\"elementor-heading-title elementor-size-default\">Amparo Mu\u00f1oz<\/h2>\t\t\t\t<\/div>\n\t\t\t\t<\/div>\n\t\t\t\t<\/div>\n\t\t\t\t<\/div>\n\t\t<div class=\"elementor-element elementor-element-7cbefad e-con-full e-flex e-con e-parent\" data-id=\"7cbefad\" data-element_type=\"container\" data-e-type=\"container\" data-settings=\"{&quot;background_background&quot;:&quot;classic&quot;}\">\n\t\t<div class=\"elementor-element elementor-element-ce7d349 e-con-full e-flex e-con e-child\" data-id=\"ce7d349\" data-element_type=\"container\" data-e-type=\"container\" data-settings=\"{&quot;background_background&quot;:&quot;classic&quot;}\">\n\t\t\t\t<\/div>\n\t\t<div class=\"elementor-element elementor-element-3aeac1c e-con-full e-flex e-con e-child\" data-id=\"3aeac1c\" data-element_type=\"container\" data-e-type=\"container\" data-settings=\"{&quot;background_background&quot;:&quot;classic&quot;}\">\n\t\t\t\t<\/div>\n\t\t\t\t<\/div>\n\t\t<div class=\"elementor-element elementor-element-8d8d356 e-con-full e-flex e-con e-parent\" data-id=\"8d8d356\" data-element_type=\"container\" data-e-type=\"container\" data-settings=\"{&quot;background_background&quot;:&quot;classic&quot;}\">\n\t\t<div class=\"elementor-element elementor-element-1296c77 e-con-full e-flex e-con e-child\" data-id=\"1296c77\" data-element_type=\"container\" data-e-type=\"container\" data-settings=\"{&quot;background_background&quot;:&quot;classic&quot;}\">\n\t\t\t\t<div class=\"elementor-element elementor-element-df5d864 elementor-widget elementor-widget-heading\" data-id=\"df5d864\" data-element_type=\"widget\" data-e-type=\"widget\" data-widget_type=\"heading.default\">\n\t\t\t\t<div class=\"elementor-widget-container\">\n\t\t\t\t\t<h2 class=\"elementor-heading-title elementor-size-default\">Fabricamos para t\u00ed<\/h2>\t\t\t\t<\/div>\n\t\t\t\t<\/div>\n\t\t\t\t<\/div>\n\t\t<div class=\"elementor-element elementor-element-1e937e3 e-con-full e-flex e-con e-child\" data-id=\"1e937e3\" data-element_type=\"container\" data-e-type=\"container\" data-settings=\"{&quot;background_background&quot;:&quot;classic&quot;}\">\n\t\t<div class=\"elementor-element elementor-element-b25450b e-con-full e-flex e-con e-child\" data-id=\"b25450b\" data-element_type=\"container\" data-e-type=\"container\" data-settings=\"{&quot;background_background&quot;:&quot;classic&quot;}\">\n\t\t\t\t<div class=\"elementor-element elementor-element-96e0423 elementor-widget elementor-widget-heading\" data-id=\"96e0423\" data-element_type=\"widget\" data-e-type=\"widget\" data-widget_type=\"heading.default\">\n\t\t\t\t<div class=\"elementor-widget-container\">\n\t\t\t\t\t<h2 class=\"elementor-heading-title elementor-size-default\">Producido en Europa<\/h2>\t\t\t\t<\/div>\n\t\t\t\t<\/div>\n\t\t\t\t<div class=\"elementor-element elementor-element-42ba5f7 elementor-widget elementor-widget-text-editor\" data-id=\"42ba5f7\" data-element_type=\"widget\" data-e-type=\"widget\" data-widget_type=\"text-editor.default\">\n\t\t\t\t<div class=\"elementor-widget-container\">\n\t\t\t\t\t\t\t\t\t<p>Desde la confianza de nuestra experiencia de m\u00e1s de 30 a\u00f1os, hacemos de tus proyectos la realidad, con una conexi\u00f3n personalizada.<\/p>\t\t\t\t\t\t\t\t<\/div>\n\t\t\t\t<\/div>\n\t\t\t\t<\/div>\n\t\t\t\t<\/div>\n\t\t\t\t<\/div>\n\t\t\t\t<\/div>\n\t\t","protected":false},"excerpt":{"rendered":"<p>Nozomi, la clave est\u00e1 en elegir un buen producto. Descubre el cat\u00e1logo GOSGran V\u00eda 6, Madrid Mostrar Dise\u00f1adores Dise\u00f1adora y Decoradora de Espacios y Productos. Estudios de Ingenier\u00eda Industrial en la Universidad C.E.U San Pablo de Valencia, M\u00e1ster de Interiorismo en IED Milano. En 2009 fundadora de BIMBAMBUM en Valencia, Espa\u00f1a.Dise\u00f1adora de Interiores y Producto [&hellip;]<\/p>\n","protected":false},"author":1,"featured_media":0,"parent":0,"menu_order":0,"comment_status":"closed","ping_status":"closed","template":"","meta":{"_acf_changed":false,"footnotes":""},"class_list":["post-2063","page","type-page","status-publish","hentry"],"acf":[],"yoast_head":"<!-- This site is optimized with the Yoast SEO plugin v27.4 - https:\/\/yoast.com\/product\/yoast-seo-wordpress\/ -->\n<title>Komoom - Dise\u00f1o de mobiliario exclusivo<\/title>\n<meta name=\"description\" content=\"Transforma tus proyectos con dise\u00f1o de mobiliario exclusivo. Innovaci\u00f3n, funcionalidad y estilo para crear espacios \u00fanicos e inspiradores.\" \/>\n<meta name=\"robots\" content=\"index, follow, max-snippet:-1, max-image-preview:large, max-video-preview:-1\" \/>\n<link rel=\"canonical\" href=\"https:\/\/komoom.eu\/dev\/\" \/>\n<meta property=\"og:locale\" content=\"es_ES\" \/>\n<meta property=\"og:type\" content=\"article\" \/>\n<meta property=\"og:title\" content=\"Dise\u00f1o de mobiliario exclusivo\" \/>\n<meta property=\"og:description\" content=\"Transforma tus proyectos con dise\u00f1o de mobiliario exclusivo. Innovaci\u00f3n, funcionalidad y estilo para crear espacios \u00fanicos e inspiradores.\" \/>\n<meta property=\"og:url\" content=\"https:\/\/komoom.eu\/dev\/\" \/>\n<meta property=\"og:site_name\" content=\"Komoom\" \/>\n<meta property=\"article:publisher\" content=\"https:\/\/www.facebook.com\/ibercofran\" \/>\n<meta property=\"article:modified_time\" content=\"2025-01-10T10:09:14+00:00\" \/>\n<meta property=\"og:image\" content=\"https:\/\/komoom.eu\/dev\/wp-content\/uploads\/2025\/01\/Komoom1.png\" \/>\n\t<meta property=\"og:image:width\" content=\"1897\" \/>\n\t<meta property=\"og:image:height\" content=\"911\" \/>\n\t<meta property=\"og:image:type\" content=\"image\/png\" \/>\n<meta name=\"twitter:card\" content=\"summary_large_image\" \/>\n<meta name=\"twitter:label1\" content=\"Tiempo de lectura\" \/>\n\t<meta name=\"twitter:data1\" content=\"1 minuto\" \/>\n<script type=\"application\/ld+json\" class=\"yoast-schema-graph\">{\"@context\":\"https:\\\/\\\/schema.org\",\"@graph\":[{\"@type\":\"WebPage\",\"@id\":\"https:\\\/\\\/komoom.eu\\\/dev\\\/\",\"url\":\"https:\\\/\\\/komoom.eu\\\/dev\\\/\",\"name\":\"Komoom - Dise\u00f1o de mobiliario exclusivo\",\"isPartOf\":{\"@id\":\"https:\\\/\\\/komoom.eu\\\/dev\\\/#website\"},\"primaryImageOfPage\":{\"@id\":\"https:\\\/\\\/komoom.eu\\\/dev\\\/#primaryimage\"},\"image\":{\"@id\":\"https:\\\/\\\/komoom.eu\\\/dev\\\/#primaryimage\"},\"thumbnailUrl\":\"https:\\\/\\\/komoom.eu\\\/dev\\\/wp-content\\\/uploads\\\/2024\\\/12\\\/logonazomo.png\",\"datePublished\":\"2024-10-22T10:08:08+00:00\",\"dateModified\":\"2025-01-10T10:09:14+00:00\",\"description\":\"Transforma tus proyectos con dise\u00f1o de mobiliario exclusivo. Innovaci\u00f3n, funcionalidad y estilo para crear espacios \u00fanicos e inspiradores.\",\"breadcrumb\":{\"@id\":\"https:\\\/\\\/komoom.eu\\\/dev\\\/#breadcrumb\"},\"inLanguage\":\"es\",\"potentialAction\":[{\"@type\":\"ReadAction\",\"target\":[\"https:\\\/\\\/komoom.eu\\\/dev\\\/\"]}]},{\"@type\":\"ImageObject\",\"inLanguage\":\"es\",\"@id\":\"https:\\\/\\\/komoom.eu\\\/dev\\\/#primaryimage\",\"url\":\"https:\\\/\\\/komoom.eu\\\/dev\\\/wp-content\\\/uploads\\\/2024\\\/12\\\/logonazomo.png\",\"contentUrl\":\"https:\\\/\\\/komoom.eu\\\/dev\\\/wp-content\\\/uploads\\\/2024\\\/12\\\/logonazomo.png\",\"width\":41,\"height\":88},{\"@type\":\"BreadcrumbList\",\"@id\":\"https:\\\/\\\/komoom.eu\\\/dev\\\/#breadcrumb\",\"itemListElement\":[{\"@type\":\"ListItem\",\"position\":1,\"name\":\"Portada\",\"item\":\"https:\\\/\\\/komoom.eu\\\/dev\\\/\"},{\"@type\":\"ListItem\",\"position\":2,\"name\":\"komoom\"}]},{\"@type\":\"WebSite\",\"@id\":\"https:\\\/\\\/komoom.eu\\\/dev\\\/#website\",\"url\":\"https:\\\/\\\/komoom.eu\\\/dev\\\/\",\"name\":\"Ibercofran\",\"description\":\"Espacios exclusivos a tu alcance\",\"publisher\":{\"@id\":\"https:\\\/\\\/komoom.eu\\\/dev\\\/#organization\"},\"potentialAction\":[{\"@type\":\"SearchAction\",\"target\":{\"@type\":\"EntryPoint\",\"urlTemplate\":\"https:\\\/\\\/komoom.eu\\\/dev\\\/?s={search_term_string}\"},\"query-input\":{\"@type\":\"PropertyValueSpecification\",\"valueRequired\":true,\"valueName\":\"search_term_string\"}}],\"inLanguage\":\"es\"},{\"@type\":\"Organization\",\"@id\":\"https:\\\/\\\/komoom.eu\\\/dev\\\/#organization\",\"name\":\"Ibercofran\",\"url\":\"https:\\\/\\\/komoom.eu\\\/dev\\\/\",\"logo\":{\"@type\":\"ImageObject\",\"inLanguage\":\"es\",\"@id\":\"https:\\\/\\\/komoom.eu\\\/dev\\\/#\\\/schema\\\/logo\\\/image\\\/\",\"url\":\"https:\\\/\\\/komoom.eu\\\/dev\\\/wp-content\\\/uploads\\\/2024\\\/10\\\/Logo-1.png\",\"contentUrl\":\"https:\\\/\\\/komoom.eu\\\/dev\\\/wp-content\\\/uploads\\\/2024\\\/10\\\/Logo-1.png\",\"width\":1000,\"height\":183,\"caption\":\"Ibercofran\"},\"image\":{\"@id\":\"https:\\\/\\\/komoom.eu\\\/dev\\\/#\\\/schema\\\/logo\\\/image\\\/\"},\"sameAs\":[\"https:\\\/\\\/www.facebook.com\\\/ibercofran\",\"https:\\\/\\\/www.instagram.com\\\/ibercofran\\\/\"]}]}<\/script>\n<!-- \/ Yoast SEO plugin. -->","yoast_head_json":{"title":"Komoom - Dise\u00f1o de mobiliario exclusivo","description":"Transforma tus proyectos con dise\u00f1o de mobiliario exclusivo. Innovaci\u00f3n, funcionalidad y estilo para crear espacios \u00fanicos e inspiradores.","robots":{"index":"index","follow":"follow","max-snippet":"max-snippet:-1","max-image-preview":"max-image-preview:large","max-video-preview":"max-video-preview:-1"},"canonical":"https:\/\/komoom.eu\/dev\/","og_locale":"es_ES","og_type":"article","og_title":"Dise\u00f1o de mobiliario exclusivo","og_description":"Transforma tus proyectos con dise\u00f1o de mobiliario exclusivo. Innovaci\u00f3n, funcionalidad y estilo para crear espacios \u00fanicos e inspiradores.","og_url":"https:\/\/komoom.eu\/dev\/","og_site_name":"Komoom","article_publisher":"https:\/\/www.facebook.com\/ibercofran","article_modified_time":"2025-01-10T10:09:14+00:00","og_image":[{"width":1897,"height":911,"url":"https:\/\/komoom.eu\/dev\/wp-content\/uploads\/2025\/01\/Komoom1.png","type":"image\/png"}],"twitter_card":"summary_large_image","twitter_misc":{"Tiempo de lectura":"1 minuto"},"schema":{"@context":"https:\/\/schema.org","@graph":[{"@type":"WebPage","@id":"https:\/\/komoom.eu\/dev\/","url":"https:\/\/komoom.eu\/dev\/","name":"Komoom - Dise\u00f1o de mobiliario exclusivo","isPartOf":{"@id":"https:\/\/komoom.eu\/dev\/#website"},"primaryImageOfPage":{"@id":"https:\/\/komoom.eu\/dev\/#primaryimage"},"image":{"@id":"https:\/\/komoom.eu\/dev\/#primaryimage"},"thumbnailUrl":"https:\/\/komoom.eu\/dev\/wp-content\/uploads\/2024\/12\/logonazomo.png","datePublished":"2024-10-22T10:08:08+00:00","dateModified":"2025-01-10T10:09:14+00:00","description":"Transforma tus proyectos con dise\u00f1o de mobiliario exclusivo. Innovaci\u00f3n, funcionalidad y estilo para crear espacios \u00fanicos e inspiradores.","breadcrumb":{"@id":"https:\/\/komoom.eu\/dev\/#breadcrumb"},"inLanguage":"es","potentialAction":[{"@type":"ReadAction","target":["https:\/\/komoom.eu\/dev\/"]}]},{"@type":"ImageObject","inLanguage":"es","@id":"https:\/\/komoom.eu\/dev\/#primaryimage","url":"https:\/\/komoom.eu\/dev\/wp-content\/uploads\/2024\/12\/logonazomo.png","contentUrl":"https:\/\/komoom.eu\/dev\/wp-content\/uploads\/2024\/12\/logonazomo.png","width":41,"height":88},{"@type":"BreadcrumbList","@id":"https:\/\/komoom.eu\/dev\/#breadcrumb","itemListElement":[{"@type":"ListItem","position":1,"name":"Portada","item":"https:\/\/komoom.eu\/dev\/"},{"@type":"ListItem","position":2,"name":"komoom"}]},{"@type":"WebSite","@id":"https:\/\/komoom.eu\/dev\/#website","url":"https:\/\/komoom.eu\/dev\/","name":"Ibercofran","description":"Espacios exclusivos a tu alcance","publisher":{"@id":"https:\/\/komoom.eu\/dev\/#organization"},"potentialAction":[{"@type":"SearchAction","target":{"@type":"EntryPoint","urlTemplate":"https:\/\/komoom.eu\/dev\/?s={search_term_string}"},"query-input":{"@type":"PropertyValueSpecification","valueRequired":true,"valueName":"search_term_string"}}],"inLanguage":"es"},{"@type":"Organization","@id":"https:\/\/komoom.eu\/dev\/#organization","name":"Ibercofran","url":"https:\/\/komoom.eu\/dev\/","logo":{"@type":"ImageObject","inLanguage":"es","@id":"https:\/\/komoom.eu\/dev\/#\/schema\/logo\/image\/","url":"https:\/\/komoom.eu\/dev\/wp-content\/uploads\/2024\/10\/Logo-1.png","contentUrl":"https:\/\/komoom.eu\/dev\/wp-content\/uploads\/2024\/10\/Logo-1.png","width":1000,"height":183,"caption":"Ibercofran"},"image":{"@id":"https:\/\/komoom.eu\/dev\/#\/schema\/logo\/image\/"},"sameAs":["https:\/\/www.facebook.com\/ibercofran","https:\/\/www.instagram.com\/ibercofran\/"]}]}},"_links":{"self":[{"href":"https:\/\/komoom.eu\/dev\/wp-json\/wp\/v2\/pages\/2063","targetHints":{"allow":["GET"]}}],"collection":[{"href":"https:\/\/komoom.eu\/dev\/wp-json\/wp\/v2\/pages"}],"about":[{"href":"https:\/\/komoom.eu\/dev\/wp-json\/wp\/v2\/types\/page"}],"author":[{"embeddable":true,"href":"https:\/\/komoom.eu\/dev\/wp-json\/wp\/v2\/users\/1"}],"replies":[{"embeddable":true,"href":"https:\/\/komoom.eu\/dev\/wp-json\/wp\/v2\/comments?post=2063"}],"version-history":[{"count":12,"href":"https:\/\/komoom.eu\/dev\/wp-json\/wp\/v2\/pages\/2063\/revisions"}],"predecessor-version":[{"id":5021,"href":"https:\/\/komoom.eu\/dev\/wp-json\/wp\/v2\/pages\/2063\/revisions\/5021"}],"wp:attachment":[{"href":"https:\/\/komoom.eu\/dev\/wp-json\/wp\/v2\/media?parent=2063"}],"curies":[{"name":"wp","href":"https:\/\/api.w.org\/{rel}","templated":true}]}}